{"id":1004,"date":"2022-02-02T13:03:39","date_gmt":"2022-02-02T13:03:39","guid":{"rendered":"https:\/\/www.szespisek.cz\/?page_id=1004"},"modified":"2022-02-02T13:03:40","modified_gmt":"2022-02-02T13:03:40","slug":"doucovani","status":"publish","type":"page","link":"https:\/\/www.szespisek.cz\/index.php\/doucovani\/","title":{"rendered":"Dou\u010dov\u00e1n\u00ed"},"content":{"rendered":"\n<p>\u0160kola se zapojila do programu Dou\u010dov\u00e1n\u00ed \u017e\u00e1k\u016f \u0161kol \u2013 Realizace investice 3.2.3 N\u00e1rodn\u00edho pl\u00e1nu obnovy<\/p>\n\n\n\n<p>C\u00edl: pomoc zm\u00edrnit negativn\u00ed dopady v\u00fdpadku prezen\u010dn\u00ed v\u00fduky v d\u016fsledku pandemie COVID-19 u \u017e\u00e1k\u016f na\u0161\u00ed \u0161koly<\/p>\n\n\n\n<p><\/p>\n\n\n\n<div class=\"wp-block-columns is-layout-flex wp-container-core-columns-is-layout-28f84493 wp-block-columns-is-layout-flex\">\n<div class=\"wp-block-column is-layout-flow wp-block-column-is-layout-flow\" style=\"flex-basis:33.34%\">\n<figure class=\"wp-block-image size-full\"><img fetchpriority=\"high\" decoding=\"async\" width=\"339\" height=\"253\" src=\"https:\/\/www.szespisek.cz\/wp-content\/uploads\/2022\/02\/msmt.jpg\" alt=\"logo msmt\" class=\"wp-image-1009\" srcset=\"https:\/\/www.szespisek.cz\/wp-content\/uploads\/2022\/02\/msmt.jpg 339w, https:\/\/www.szespisek.cz\/wp-content\/uploads\/2022\/02\/msmt-300x224.jpg 300w\" sizes=\"(max-width: 339px) 100vw, 339px\" \/><\/figure>\n<\/div>\n\n\n\n<div class=\"wp-block-column is-layout-flow wp-block-column-is-layout-flow\"><\/div>\n\n\n\n<div class=\"wp-block-column is-layout-flow wp-block-column-is-layout-flow\" style=\"flex-basis:33.34%\">\n<figure class=\"wp-block-image size-full\"><img decoding=\"async\" width=\"844\" height=\"225\" src=\"https:\/\/www.szespisek.cz\/wp-content\/uploads\/2022\/02\/feu.jpg\" alt=\"logo feu\" class=\"wp-image-1007\" srcset=\"https:\/\/www.szespisek.cz\/wp-content\/uploads\/2022\/02\/feu.jpg 844w, https:\/\/www.szespisek.cz\/wp-content\/uploads\/2022\/02\/feu-300x80.jpg 300w, https:\/\/www.szespisek.cz\/wp-content\/uploads\/2022\/02\/feu-768x205.jpg 768w\" sizes=\"(max-width: 844px) 100vw, 844px\" \/><\/figure>\n<\/div>\n\n\n\n<div class=\"wp-block-column is-layout-flow wp-block-column-is-layout-flow\" style=\"flex-basis:33.33%\">\n<figure class=\"wp-block-image size-full\"><img decoding=\"async\" width=\"561\" height=\"235\" src=\"https:\/\/www.szespisek.cz\/wp-content\/uploads\/2022\/02\/npo.png\" alt=\"logo npo\" class=\"wp-image-1008\" srcset=\"https:\/\/www.szespisek.cz\/wp-content\/uploads\/2022\/02\/npo.png 561w, https:\/\/www.szespisek.cz\/wp-content\/uploads\/2022\/02\/npo-300x126.png 300w\" sizes=\"(max-width: 561px) 100vw, 561px\" \/><\/figure>\n<\/div>\n<\/div>\n\n\n\n<p><\/p>\n","protected":false},"excerpt":{"rendered":"<p>\u0160kola se zapojila do programu Dou\u010dov\u00e1n\u00ed \u017e\u00e1k\u016f \u0161kol \u2013 Realizace investice 3.2.3 N\u00e1rodn\u00edho pl\u00e1nu obnovy C\u00edl: pomoc zm\u00edrnit negativn\u00ed dopady v\u00fdpadku prezen\u010dn\u00ed v\u00fduky v d\u016fsledku pandemie COVID-19 u \u017e\u00e1k\u016f na\u0161\u00ed \u0161koly<\/p>\n","protected":false},"author":2,"featured_media":0,"parent":0,"menu_order":0,"comment_status":"closed","ping_status":"closed","template":"","meta":{"site-sidebar-layout":"default","site-content-layout":"default","ast-site-content-layout":"default","site-content-style":"default","site-sidebar-style":"default","ast-global-header-display":"","ast-banner-title-visibility":"","ast-main-header-display":"","ast-hfb-above-header-display":"","ast-hfb-below-header-display":"","ast-hfb-mobile-header-display":"","site-post-title":"","ast-breadcrumbs-content":"","ast-featured-img":"","footer-sml-layout":"","ast-disable-related-posts":"","theme-transparent-header-meta":"default","adv-header-id-meta":"","stick-header-meta":"","header-above-stick-meta":"","header-main-stick-meta":"","header-below-stick-meta":"","astra-migrate-meta-layouts":"default","ast-page-background-enabled":"default","ast-page-background-meta":{"desktop":{"background-color":"var(--ast-global-color-4)","background-image":"","background-repeat":"repeat","background-position":"center center","background-size":"auto","background-attachment":"scroll","background-type":"","background-media":"","overlay-type":"","overlay-color":"","overlay-opacity":"","overlay-gradient":""},"tablet":{"background-color":"","background-image":"","background-repeat":"repeat","background-position":"center center","background-size":"auto","background-attachment":"scroll","background-type":"","background-media":"","overlay-type":"","overlay-color":"","overlay-opacity":"","overlay-gradient":""},"mobile":{"background-color":"","background-image":"","background-repeat":"repeat","background-position":"center center","background-size":"auto","background-attachment":"scroll","background-type":"","background-media":"","overlay-type":"","overlay-color":"","overlay-opacity":"","overlay-gradient":""}},"ast-content-background-meta":{"desktop":{"background-color":"var(--ast-global-color-5)","background-image":"","background-repeat":"repeat","background-position":"center center","background-size":"auto","background-attachment":"scroll","background-type":"","background-media":"","overlay-type":"","overlay-color":"","overlay-opacity":"","overlay-gradient":""},"tablet":{"background-color":"var(--ast-global-color-5)","background-image":"","background-repeat":"repeat","background-position":"center center","background-size":"auto","background-attachment":"scroll","background-type":"","background-media":"","overlay-type":"","overlay-color":"","overlay-opacity":"","overlay-gradient":""},"mobile":{"background-color":"var(--ast-global-color-5)","background-image":"","background-repeat":"repeat","background-position":"center center","background-size":"auto","background-attachment":"scroll","background-type":"","background-media":"","overlay-type":"","overlay-color":"","overlay-opacity":"","overlay-gradient":""}},"footnotes":""},"class_list":["post-1004","page","type-page","status-publish","hentry"],"_links":{"self":[{"href":"https:\/\/www.szespisek.cz\/index.php\/wp-json\/wp\/v2\/pages\/1004","targetHints":{"allow":["GET"]}}],"collection":[{"href":"https:\/\/www.szespisek.cz\/index.php\/wp-json\/wp\/v2\/pages"}],"about":[{"href":"https:\/\/www.szespisek.cz\/index.php\/wp-json\/wp\/v2\/types\/page"}],"author":[{"embeddable":true,"href":"https:\/\/www.szespisek.cz\/index.php\/wp-json\/wp\/v2\/users\/2"}],"replies":[{"embeddable":true,"href":"https:\/\/www.szespisek.cz\/index.php\/wp-json\/wp\/v2\/comments?post=1004"}],"version-history":[{"count":1,"href":"https:\/\/www.szespisek.cz\/index.php\/wp-json\/wp\/v2\/pages\/1004\/revisions"}],"predecessor-version":[{"id":1010,"href":"https:\/\/www.szespisek.cz\/index.php\/wp-json\/wp\/v2\/pages\/1004\/revisions\/1010"}],"wp:attachment":[{"href":"https:\/\/www.szespisek.cz\/index.php\/wp-json\/wp\/v2\/media?parent=1004"}],"curies":[{"name":"wp","href":"https:\/\/api.w.org\/{rel}","templated":true}]}}