{"id":1288,"date":"2023-01-16T10:24:55","date_gmt":"2023-01-16T10:24:55","guid":{"rendered":"https:\/\/www.szespisek.cz\/?page_id=1288"},"modified":"2023-01-26T17:29:35","modified_gmt":"2023-01-26T17:29:35","slug":"aktivity-pro-zs","status":"publish","type":"page","link":"https:\/\/www.szespisek.cz\/index.php\/aktivity-pro-zs\/","title":{"rendered":"Aktivity pro Z\u0160"},"content":{"rendered":"\t\t<div data-elementor-type=\"wp-page\" data-elementor-id=\"1288\" class=\"elementor elementor-1288\" data-elementor-post-type=\"page\">\n\t\t\t\t\t\t<section class=\"elementor-section elementor-top-section elementor-element elementor-element-5aca1007 elementor-section-boxed elementor-section-height-default elementor-section-height-default\" data-id=\"5aca1007\" data-element_type=\"section\">\n\t\t\t\t\t\t<div class=\"elementor-container elementor-column-gap-default\">\n\t\t\t\t\t<div class=\"elementor-column elementor-col-100 elementor-top-column elementor-element elementor-element-2f59faf2\" data-id=\"2f59faf2\" data-element_type=\"column\">\n\t\t\t<div class=\"elementor-widget-wrap elementor-element-populated\">\n\t\t\t\t\t\t<div class=\"elementor-element elementor-element-2fb388f3 elementor-widget elementor-widget-text-editor\" data-id=\"2fb388f3\" data-element_type=\"widget\" data-widget_type=\"text-editor.default\">\n\t\t\t\t<div class=\"elementor-widget-container\">\n\t\t\t\t\t\t\t\t\t<h1>1. Aktivity realizovan\u00e9 na \u0161koln\u00ed zahrad\u011b SZe\u0160 P\u00edsek<\/h1>\n<p>(informace, badatelsk\u00e1 \u010dinnost, pracovn\u00ed listy)<\/p>\n<h2>\u00daprava vodn\u00edho re\u017eimu \u0161koln\u00ed zahrady<\/h2>\n<ol>\n<li>Voda v krajin\u011b, vodn\u00ed bilance stanovi\u0161t\u011b<\/li>\n<li>Rostliny podle n\u00e1rok\u016f na mno\u017estv\u00ed vody<\/li>\n<li>Adaptace rostlin na nedostatek vody na stanovi\u0161ti<\/li>\n<li>V\u00fdznam vody pro \u017eivo\u010dichy<\/li>\n<li>Hospod\u00e1rn\u00e9 vyu\u017e\u00edv\u00e1n\u00ed vody v krajin\u011b a na \u0161koln\u00ed zahrad\u011b \u2013 zp\u016fsoby zavla\u017eov\u00e1n\u00ed, vyu\u017e\u00edv\u00e1n\u00ed de\u0161\u0165ov\u00e9 vody v podm\u00ednk\u00e1ch \u0161koln\u00ed zahrady<\/li>\n<li>\u00dapravy vodn\u00edho re\u017eimu v krajin\u011b \u2013 odvod\u0148ov\u00e1n\u00ed\/zavla\u017eov\u00e1n\u00ed<\/li>\n<li>Pozn\u00e1v\u00e1n\u00ed jednotliv\u00fdch druh\u016f rostlin a \u017eivo\u010dich\u016f v n\u00e1vaznosti na p\u0159\u00edrodn\u00ed prost\u0159ed\u00ed \u0161koln\u00ed zahrady<\/li>\n<li>Monitorov\u00e1n\u00ed sr\u00e1\u017eek, porovn\u00e1v\u00e1n\u00ed jednotliv\u00fdch zp\u016fsob\u016f zavla\u017eov\u00e1n\u00ed<\/li>\n<\/ol>\n<h2>Vybudov\u00e1n\u00ed vodn\u00edho\/mok\u0159adn\u00edho biotopu &#8211; jez\u00edrka<\/h2>\n<ol>\n<li>Vodn\u00ed\/mok\u0159adn\u00ed biotop a jeho faktory klimatick\u00e9, hydrick\u00e9 a edafick\u00e9 prost\u0159ed\u00ed<\/li>\n<li>Rostliny a \u017eivo\u010dichov\u00e9 vodn\u00edho\/mok\u0159adn\u00edho biotopu<\/li>\n<li>V\u00fdznam vodn\u00edho\/mok\u0159adn\u00edho biotopu pro mikroklima krajiny<\/li>\n<li>Mo\u017enosti zadr\u017eov\u00e1n\u00ed vody v krajin\u011b<\/li>\n<li>Pozn\u00e1v\u00e1n\u00ed jednotliv\u00fdch druh\u016f rostlin a \u017eivo\u010dich\u016f v n\u00e1vaznosti na vodn\u00ed\/mok\u0159adn\u00ed biotop<\/li>\n<li>Sledov\u00e1n\u00ed biodiverzity, potravn\u00edch vazeb<\/li>\n<li>Sukcese stanovi\u0161t\u011b<\/li>\n<li>V\u00fdznam retence vody v krajin\u011b<\/li>\n<\/ol>\n<h2>Vytvo\u0159en\u00ed skalky \u2013 prezentace v\u00fdsu\u0161n\u00e9ho biotopu\/je\u0161t\u011brkovi\u0161t\u011b<\/h2>\n<ol>\n<li>Rostliny a \u017eivo\u010dichov\u00e9 v\u00fdsu\u0161n\u00e9ho stanovi\u0161t\u011b<\/li>\n<li>Adaptace na nedostatek vody v krajin\u011b<\/li>\n<li>Mikroklima v\u00fdsu\u0161n\u00e9ho stanovi\u0161t\u011b<\/li>\n<li>Biodiverzita v\u00fdsu\u0161n\u00e9ho stanovi\u0161t\u011b<\/li>\n<li>Pozn\u00e1v\u00e1n\u00ed jednotliv\u00fdch druh\u016f rostlin a \u017eivo\u010dich\u016f v\u00fdsu\u0161n\u00e9ho stanovi\u0161t\u011b<\/li>\n<\/ol>\n<h2>Vysazen\u00ed kolekce rostlin \u2013 podpora biodiverzity \u0161koln\u00ed zahrady<\/h2>\n<ol>\n<li>L\u00e9\u010divky<\/li>\n<li>Trvalky<\/li>\n<li>Letni\u010dky<\/li>\n<li>Zelenina<\/li>\n<li>Ovocn\u00e9 stromy a ke\u0159e<\/li>\n<li>Rostliny a jejich n\u00e1roky na podm\u00ednky prost\u0159ed\u00ed<\/li>\n<li>Monitorov\u00e1n\u00ed biodiverzity \u0161koln\u00ed zahrady v \u010dase<\/li>\n<li>Pozorov\u00e1n\u00ed zm\u011bn v biodiverzit\u011b s ohledem na fenologick\u00e9 aspekty<\/li>\n<li>\u0160etrn\u00e9 hospoda\u0159en\u00ed ve vyu\u017e\u00edv\u00e1n\u00ed vody na \u0161koln\u00ed zahrad\u011b<\/li>\n<\/ol>\n<h1>2. Aktivity realizovan\u00e9 ve \u0161kole<\/h1>\n<p>(se zam\u011b\u0159en\u00edm na mineralogii P\u00edsecka &#8211; informace, badatelsk\u00e1 \u010dinnost, p\u0159\u00edpadn\u00e9 za\u0159azen\u00ed pracovn\u00edch list\u016f, po domluv\u011b ter\u00e9nn\u00ed expedice do P\u00edseck\u00fdch hor)<\/p>\n<ol>\n<li>Z\u00e1kladn\u00ed informace \u2013 mineralogie P\u00edsecka<\/li>\n<li>Pozn\u00e1v\u00e1n\u00ed miner\u00e1l\u016f P\u00edseck\u00fdch hor<\/li>\n<li>Historie a pozn\u00e1v\u00e1n\u00ed \u201ezapomenut\u00fdch\u201c miner\u00e1l\u016f P\u00edseck\u00fdch hor<\/li>\n<li>Prezentace vzork\u016f miner\u00e1l\u016f<\/li>\n<li>P\u0159ed\u00e1v\u00e1n\u00ed zku\u0161enost\u00ed odborn\u00edka z oblasti mineralogie<\/li>\n<li>Ter\u00e9nn\u00ed mineralogick\u00e1 expedice v p\u0159\u00edpad\u011b z\u00e1jmu<\/li>\n<\/ol>\n<h1>3. Aktivity v are\u00e1lu \u0160S SZe\u0160 P\u00edsek, Dobe\u0161ick\u00e1 ulice<\/h1>\n<ol>\n<li>KOMENTOVAN\u00c1 PROHL\u00cdDKA ARE\u00c1LU (prohl\u00eddka doln\u00ed i hon\u00ed \u010d\u00e1sti \u0160S \u2013 zv\u00ed\u0159ata, mechanizace)<\/li>\n<li>KOMENTOVAN\u00c1 PROHL\u00cdDKA PAVILON\u016e CHOVU ZV\u00cd\u0158AT (prohl\u00eddka doln\u00ed i horn\u00ed \u010d\u00e1sti \u0160S \u2013 pavilon malochovu, pastevn\u00ed are\u00e1l, produk\u010dn\u00ed st\u00e1j, doj\u00edrna, odchov telat, chov v\u010del)<\/li>\n<li>CHOV KON\u00cd \u2013 prohl\u00eddka ust\u00e1jen\u00fdch kus\u016f, venkovn\u00ed plocha pro pr\u00e1ci s ko\u0148mi, j\u00edzd\u00e1rna, uk\u00e1zky pr\u00e1ce s ko\u0148mi, mo\u017enost proj\u00ed\u017e\u010fky \u2013 dle v\u011bku a zdatnosti \u017e\u00e1k\u016f (pouze s odborn\u00fdm dohledem)<\/li>\n<li>MECHANIZACE \u0160KOLN\u00cdHO STATKU \u2013 prohl\u00eddka zem\u011bd\u011blsk\u00e9 techniky (nov\u00e9 i v depozitu), mo\u017enost proj\u00ed\u017e\u010fky traktorem (pouze s odborn\u00fdm dohledem)<\/li>\n<li>ODBORN\u00c9 SOUT\u011a\u017dE \u2013 sout\u011b\u017e v praktick\u00fdch zem\u011bd\u011blsk\u00fdch \u010dinnostech a dovednostech (dojen\u00ed na modelu dojnice, pozn\u00e1v\u00e1n\u00ed rostlin, \u017eivo\u010dich\u016f, mechaniza\u010dn\u00edch prost\u0159edk\u016f, skl\u00e1d\u00e1n\u00ed puzzle s odborn\u00fdm zam\u011b\u0159en\u00edm, z\u00e1bavn\u00e9 kv\u00edzy, atd.)<\/li>\n<li>ML\u00c1\u010eATA NA \u0160KOLN\u00cdM STATKU \u2013 pozn\u00e1v\u00e1n\u00ed ml\u00e1\u010fat jednotliv\u00fdch druh\u016f zv\u00ed\u0159at ust\u00e1jen\u00fdch na \u0160S, uk\u00e1zky o\u0161et\u0159ovatelsk\u00e9 p\u00e9\u010de, mo\u017enost vyzkou\u0161et si \u201echov na ne\u010disto\u201c (pouze dle aktu\u00e1ln\u00edho stavu zv\u00ed\u0159at na \u0160S)<\/li>\n<li>ODBORN\u00c1 P\u0158EDN\u00c1\u0160KA pro vy\u0161\u0161\u00ed ro\u010dn\u00edky nebo pedagogy Z\u0160 \u2013 t\u00e9ma dle dohody (chov zv\u00ed\u0159at, p\u011bstov\u00e1n\u00ed rostlin, veterin\u00e1rn\u00ed p\u00e9\u010de, v\u00fdroba a zpracov\u00e1n\u00ed ml\u00e9ka, chov kon\u00ed v \u010cR, v\u00fdvojov\u00e9 trendy zem\u011bd\u011blsk\u00e9 mechanizace, atd.)<\/li>\n<li>Z\u00c1JMOV\u00dd CHOV ZV\u00cd\u0158AT \u2013 uk\u00e1zky chovu dom\u00e1c\u00edch mazl\u00ed\u010dk\u016f \u2013 mor\u010data, kr\u00e1l\u00edci, ko\u010dky (pouze dle aktu\u00e1ln\u00edho stavu zv\u00ed\u0159at na \u0160S)<\/li>\n<li>CHOV DR\u016eBE\u017dE \u2013 komentovan\u00e1 prohl\u00eddka chovan\u00fdch druh\u016f dr\u016fbe\u017ee na \u0160S, pozn\u00e1v\u00e1n\u00ed jednotliv\u00fdch druh\u016f a zp\u016fsob\u016f jejich chovu (kur dom\u00e1c\u00ed, husy, kachny, perli\u010dky, kr\u016fty, holubi \u2013 pouze dle aktu\u00e1ln\u00edho stavu zv\u00ed\u0159at na \u0160S)<\/li>\n<li>VZOROV\u00c1 ST\u00c1J ROBOTIZACE V ZEM\u011aD\u011aLSTV\u00cd \u2013 doj\u00edc\u00ed robot, robotick\u00e1 doj\u00edc\u00ed ruka a dal\u0161\u00ed mo\u017en\u00e9 robotick\u00e9 vybaven\u00ed st\u00e1je \u2013 program v p\u0159\u00edprav\u011b<\/li>\n<\/ol>\n<p><em>\u00a0<\/em><\/p>\n<p>\u00a0<\/p>\t\t\t\t\t\t\t\t<\/div>\n\t\t\t\t<\/div>\n\t\t\t\t\t<\/div>\n\t\t<\/div>\n\t\t\t\t\t<\/div>\n\t\t<\/section>\n\t\t\t\t<\/div>\n\t\t","protected":false},"excerpt":{"rendered":"<p>1. Aktivity realizovan\u00e9 na \u0161koln\u00ed zahrad\u011b SZe\u0160 P\u00edsek (informace, badatelsk\u00e1 \u010dinnost, pracovn\u00ed listy) \u00daprava vodn\u00edho re\u017eimu \u0161koln\u00ed zahrady Voda v krajin\u011b, vodn\u00ed bilance stanovi\u0161t\u011b Rostliny podle n\u00e1rok\u016f na mno\u017estv\u00ed vody Adaptace rostlin na nedostatek vody na stanovi\u0161ti V\u00fdznam vody pro \u017eivo\u010dichy Hospod\u00e1rn\u00e9 vyu\u017e\u00edv\u00e1n\u00ed vody v krajin\u011b a na \u0161koln\u00ed zahrad\u011b \u2013 zp\u016fsoby zavla\u017eov\u00e1n\u00ed, vyu\u017e\u00edv\u00e1n\u00ed de\u0161\u0165ov\u00e9 [&hellip;]<\/p>\n","protected":false},"author":2,"featured_media":0,"parent":0,"menu_order":0,"comment_status":"closed","ping_status":"closed","template":"","meta":{"site-sidebar-layout":"no-sidebar","site-content-layout":"page-builder","ast-site-content-layout":"default","site-content-style":"default","site-sidebar-style":"default","ast-global-header-display":"","ast-banner-title-visibility":"","ast-main-header-display":"","ast-hfb-above-header-display":"","ast-hfb-below-header-display":"","ast-hfb-mobile-header-display":"","site-post-title":"disabled","ast-breadcrumbs-content":"","ast-featured-img":"disabled","footer-sml-layout":"","ast-disable-related-posts":"","theme-transparent-header-meta":"default","adv-header-id-meta":"","stick-header-meta":"","header-above-stick-meta":"","header-main-stick-meta":"","header-below-stick-meta":"","astra-migrate-meta-layouts":"default","ast-page-background-enabled":"default","ast-page-background-meta":{"desktop":{"background-color":"var(--ast-global-color-4)","background-image":"","background-repeat":"repeat","background-position":"center center","background-size":"auto","background-attachment":"scroll","background-type":"","background-media":"","overlay-type":"","overlay-color":"","overlay-opacity":"","overlay-gradient":""},"tablet":{"background-color":"","background-image":"","background-repeat":"repeat","background-position":"center center","background-size":"auto","background-attachment":"scroll","background-type":"","background-media":"","overlay-type":"","overlay-color":"","overlay-opacity":"","overlay-gradient":""},"mobile":{"background-color":"","background-image":"","background-repeat":"repeat","background-position":"center center","background-size":"auto","background-attachment":"scroll","background-type":"","background-media":"","overlay-type":"","overlay-color":"","overlay-opacity":"","overlay-gradient":""}},"ast-content-background-meta":{"desktop":{"background-color":"var(--ast-global-color-5)","background-image":"","background-repeat":"repeat","background-position":"center center","background-size":"auto","background-attachment":"scroll","background-type":"","background-media":"","overlay-type":"","overlay-color":"","overlay-opacity":"","overlay-gradient":""},"tablet":{"background-color":"var(--ast-global-color-5)","background-image":"","background-repeat":"repeat","background-position":"center center","background-size":"auto","background-attachment":"scroll","background-type":"","background-media":"","overlay-type":"","overlay-color":"","overlay-opacity":"","overlay-gradient":""},"mobile":{"background-color":"var(--ast-global-color-5)","background-image":"","background-repeat":"repeat","background-position":"center center","background-size":"auto","background-attachment":"scroll","background-type":"","background-media":"","overlay-type":"","overlay-color":"","overlay-opacity":"","overlay-gradient":""}},"footnotes":""},"class_list":["post-1288","page","type-page","status-publish","hentry"],"_links":{"self":[{"href":"https:\/\/www.szespisek.cz\/index.php\/wp-json\/wp\/v2\/pages\/1288","targetHints":{"allow":["GET"]}}],"collection":[{"href":"https:\/\/www.szespisek.cz\/index.php\/wp-json\/wp\/v2\/pages"}],"about":[{"href":"https:\/\/www.szespisek.cz\/index.php\/wp-json\/wp\/v2\/types\/page"}],"author":[{"embeddable":true,"href":"https:\/\/www.szespisek.cz\/index.php\/wp-json\/wp\/v2\/users\/2"}],"replies":[{"embeddable":true,"href":"https:\/\/www.szespisek.cz\/index.php\/wp-json\/wp\/v2\/comments?post=1288"}],"version-history":[{"count":5,"href":"https:\/\/www.szespisek.cz\/index.php\/wp-json\/wp\/v2\/pages\/1288\/revisions"}],"predecessor-version":[{"id":1308,"href":"https:\/\/www.szespisek.cz\/index.php\/wp-json\/wp\/v2\/pages\/1288\/revisions\/1308"}],"wp:attachment":[{"href":"https:\/\/www.szespisek.cz\/index.php\/wp-json\/wp\/v2\/media?parent=1288"}],"curies":[{"name":"wp","href":"https:\/\/api.w.org\/{rel}","templated":true}]}}