{"id":1780,"date":"2025-06-27T06:29:54","date_gmt":"2025-06-27T06:29:54","guid":{"rendered":"https:\/\/www.szespisek.cz\/?page_id=1780"},"modified":"2025-06-27T06:35:43","modified_gmt":"2025-06-27T06:35:43","slug":"jezdecky-krouzek","status":"publish","type":"page","link":"https:\/\/www.szespisek.cz\/index.php\/jezdecky-krouzek\/","title":{"rendered":"Jezdeck\u00fd krou\u017eek"},"content":{"rendered":"\n<p>Ka\u017ed\u00fd \u0161koln\u00ed rok prob\u00edh\u00e1 v&nbsp;are\u00e1lu \u0160koln\u00edho statku v&nbsp;Dobe\u0161ick\u00e9 ulici 350, JEZDECK\u00dd KROU\u017dEK pro studenty St\u0159edn\u00ed zem\u011bd\u011blsk\u00e9 \u0161koly v&nbsp;P\u00edsku.<\/p>\n\n\n\n<p>Sch\u016fzky krou\u017eku se konaj\u00ed v\u017edy ve v\u0161edn\u00ed dny a to od 16:00 do 18:00.<\/p>\n\n\n\n<p>P\u0159ed za\u010d\u00e1tkem ka\u017ed\u00e9ho turnusu z\u00e1jemci o nav\u0161t\u011bvov\u00e1n\u00ed jezdeck\u00e9ho krou\u017eku obdr\u017e\u00ed podrobn\u00e9 informace a p\u0159ihl\u00e1\u0161ku, kterou je nutn\u00e9 vyplnit a odevzdat \u2013 u nezletil\u00fdch student\u016f spolu s&nbsp;podepsan\u00fdm souhlasem z\u00e1konn\u00fdch z\u00e1stupc\u016f.<\/p>\n\n\n\n<p>V&nbsp;r\u00e1mci krou\u017eku se studenti u\u010d\u00ed z\u00e1kladn\u00ed prvky jezdectv\u00ed, spr\u00e1vn\u00fd sed, pou\u017e\u00edv\u00e1n\u00ed pom\u016fcek atd.<\/p>\n\n\n\n<p>D\u00e1le se spole\u010dn\u011b u\u010d\u00ed, jak o kon\u011b pe\u010dovat a jak ke kon\u00edm p\u0159istupovat, aby spolupr\u00e1ce mezi jezdcem a kon\u011bm byla nen\u00e1siln\u00e1 &nbsp;a harmonick\u00e1.<\/p>\n\n\n\n<p>Na v\u0161echny se ka\u017ed\u00fd \u0161koln\u00ed rok t\u011b\u0161\u00ed vedouc\u00ed jezdeck\u00e9ho krou\u017eku \u2013 Gabriela Tlapov\u00e1 (tel.: 382&nbsp;271&nbsp;342, 777 229&nbsp;230)<\/p>\n\n\n\n<p><\/p>\n","protected":false},"excerpt":{"rendered":"<p>Ka\u017ed\u00fd \u0161koln\u00ed rok prob\u00edh\u00e1 v&nbsp;are\u00e1lu \u0160koln\u00edho statku v&nbsp;Dobe\u0161ick\u00e9 ulici 350, JEZDECK\u00dd KROU\u017dEK pro studenty St\u0159edn\u00ed zem\u011bd\u011blsk\u00e9 \u0161koly v&nbsp;P\u00edsku. Sch\u016fzky krou\u017eku se konaj\u00ed v\u017edy ve v\u0161edn\u00ed dny a to od 16:00 do 18:00. P\u0159ed za\u010d\u00e1tkem ka\u017ed\u00e9ho turnusu z\u00e1jemci o nav\u0161t\u011bvov\u00e1n\u00ed jezdeck\u00e9ho krou\u017eku obdr\u017e\u00ed podrobn\u00e9 informace a p\u0159ihl\u00e1\u0161ku, kterou je nutn\u00e9 vyplnit a odevzdat \u2013 u nezletil\u00fdch [&hellip;]<\/p>\n","protected":false},"author":2,"featured_media":0,"parent":0,"menu_order":0,"comment_status":"closed","ping_status":"closed","template":"","meta":{"site-sidebar-layout":"default","site-content-layout":"","ast-site-content-layout":"default","site-content-style":"default","site-sidebar-style":"default","ast-global-header-display":"","ast-banner-title-visibility":"","ast-main-header-display":"","ast-hfb-above-header-display":"","ast-hfb-below-header-display":"","ast-hfb-mobile-header-display":"","site-post-title":"","ast-breadcrumbs-content":"","ast-featured-img":"","footer-sml-layout":"","ast-disable-related-posts":"","theme-transparent-header-meta":"","adv-header-id-meta":"","stick-header-meta":"","header-above-stick-meta":"","header-main-stick-meta":"","header-below-stick-meta":"","astra-migrate-meta-layouts":"set","ast-page-background-enabled":"default","ast-page-background-meta":{"desktop":{"background-color":"var(--ast-global-color-4)","background-image":"","background-repeat":"repeat","background-position":"center center","background-size":"auto","background-attachment":"scroll","background-type":"","background-media":"","overlay-type":"","overlay-color":"","overlay-opacity":"","overlay-gradient":""},"tablet":{"background-color":"","background-image":"","background-repeat":"repeat","background-position":"center center","background-size":"auto","background-attachment":"scroll","background-type":"","background-media":"","overlay-type":"","overlay-color":"","overlay-opacity":"","overlay-gradient":""},"mobile":{"background-color":"","background-image":"","background-repeat":"repeat","background-position":"center center","background-size":"auto","background-attachment":"scroll","background-type":"","background-media":"","overlay-type":"","overlay-color":"","overlay-opacity":"","overlay-gradient":""}},"ast-content-background-meta":{"desktop":{"background-color":"var(--ast-global-color-5)","background-image":"","background-repeat":"repeat","background-position":"center center","background-size":"auto","background-attachment":"scroll","background-type":"","background-media":"","overlay-type":"","overlay-color":"","overlay-opacity":"","overlay-gradient":""},"tablet":{"background-color":"var(--ast-global-color-5)","background-image":"","background-repeat":"repeat","background-position":"center center","background-size":"auto","background-attachment":"scroll","background-type":"","background-media":"","overlay-type":"","overlay-color":"","overlay-opacity":"","overlay-gradient":""},"mobile":{"background-color":"var(--ast-global-color-5)","background-image":"","background-repeat":"repeat","background-position":"center center","background-size":"auto","background-attachment":"scroll","background-type":"","background-media":"","overlay-type":"","overlay-color":"","overlay-opacity":"","overlay-gradient":""}},"footnotes":""},"class_list":["post-1780","page","type-page","status-publish","hentry"],"_links":{"self":[{"href":"https:\/\/www.szespisek.cz\/index.php\/wp-json\/wp\/v2\/pages\/1780","targetHints":{"allow":["GET"]}}],"collection":[{"href":"https:\/\/www.szespisek.cz\/index.php\/wp-json\/wp\/v2\/pages"}],"about":[{"href":"https:\/\/www.szespisek.cz\/index.php\/wp-json\/wp\/v2\/types\/page"}],"author":[{"embeddable":true,"href":"https:\/\/www.szespisek.cz\/index.php\/wp-json\/wp\/v2\/users\/2"}],"replies":[{"embeddable":true,"href":"https:\/\/www.szespisek.cz\/index.php\/wp-json\/wp\/v2\/comments?post=1780"}],"version-history":[{"count":3,"href":"https:\/\/www.szespisek.cz\/index.php\/wp-json\/wp\/v2\/pages\/1780\/revisions"}],"predecessor-version":[{"id":1784,"href":"https:\/\/www.szespisek.cz\/index.php\/wp-json\/wp\/v2\/pages\/1780\/revisions\/1784"}],"wp:attachment":[{"href":"https:\/\/www.szespisek.cz\/index.php\/wp-json\/wp\/v2\/media?parent=1780"}],"curies":[{"name":"wp","href":"https:\/\/api.w.org\/{rel}","templated":true}]}}