{"id":1785,"date":"2025-06-27T06:37:45","date_gmt":"2025-06-27T06:37:45","guid":{"rendered":"https:\/\/www.szespisek.cz\/?page_id=1785"},"modified":"2025-06-27T06:37:45","modified_gmt":"2025-06-27T06:37:45","slug":"skolni-studentsky-parlament","status":"publish","type":"page","link":"https:\/\/www.szespisek.cz\/index.php\/skolni-studentsky-parlament\/","title":{"rendered":"\u0160koln\u00ed studentsk\u00fd parlament"},"content":{"rendered":"\n<p><strong>V&nbsp;r\u00e1mci St\u0159edn\u00ed zem\u011bd\u011blsk\u00e9 \u0161koly p\u016fsob\u00ed od \u0161koln\u00edho roku 2021\/2022 \u0160koln\u00ed studentsk\u00fd parlament.<\/strong><\/p>\n\n\n\n<p><strong>&nbsp;Jeho \u00fakolem je reprezentovat \u0161kolu, zprost\u0159edkov\u00e1vat informace sd\u011blen\u00e9 na&nbsp;v\u0161ech sch\u016fzk\u00e1ch Jiho\u010desk\u00e9ho studentsk\u00e9ho parlamentu sv\u00e9 \u0161kole a&nbsp;aktivn\u011b se zapojovat do&nbsp;napl\u00e1novan\u00fdch akc\u00ed.<\/strong><\/p>\n\n\n\n<p><strong>Jiho\u010desk\u00fd studentsk\u00fd parlament je spolek, reprezentuj\u00edc\u00ed studenty st\u0159edn\u00edch \u0161kol Jiho\u010desk\u00e9ho kraje. Jeho c\u00edlem je h\u00e1jit hlas st\u0159edo\u0161kol\u00e1k\u016f a zv\u00fd\u0161it jejich pov\u011bdom\u00ed o politice a ve\u0159ejn\u00e9m d\u011bn\u00ed prost\u0159ednictv\u00edm vzd\u011bl\u00e1vac\u00edch besed, simulac\u00ed a diskus\u00ed.<\/strong><\/p>\n\n\n\n<p><strong>Studentsk\u00fd parlament vytv\u00e1\u0159\u00ed prostor, kde mlad\u00e1 generace m\u016f\u017ee projevit sv\u00e9 n\u00e1zory a aktivn\u011b se zapojovat. Z\u00e1rove\u0148 se sna\u017e\u00ed roz\u0161\u00ed\u0159it mo\u017enosti st\u0159edo\u0161kol\u00e1k\u016fm a poskytnout jim p\u0159\u00edle\u017eitosti pro z\u00edsk\u00e1v\u00e1n\u00ed informac\u00ed z r\u016fzn\u00fdch odv\u011btv\u00ed.<\/strong><\/p>\n\n\n\n<p><strong>V&nbsp;r\u00e1mci na\u0161eho \u0161koln\u00edho parlamentu mohou z\u00e1stupci t\u0159\u00edd pom\u00e1hat s&nbsp;\u010dinnost\u00ed, &nbsp;mohou p\u0159ich\u00e1zet s&nbsp;n\u00e1vrhy od sv\u00fdch spolu\u017e\u00e1k\u016f, kter\u00e9 pot\u00e9 spole\u010dn\u011b projedn\u00e1vaj\u00ed. Dohromady hledaj\u00ed zp\u016fsoby, kter\u00fdmi lze dny ve&nbsp;\u0161kole zp\u0159\u00edjemnit a&nbsp;ud\u011blat zaj\u00edmav\u00fdmi.<\/strong><\/p>\n\n\n\n<p><strong>P\u0159edseda: Ji\u0159\u00ed R\u016f\u017ei\u010dka<\/strong><\/p>\n\n\n\n<p>&nbsp;Kontakt email: <a href=\"mailto:22_Ruzicka.Jiri@szespisek.cz\">22_Ruzicka.Jiri@szespisek.cz<\/a><\/p>\n\n\n\n<p><strong>M\u00edstop\u0159edseda: V\u00edt \u010cerm\u00e1k<\/strong><\/p>\n\n\n\n<p>Kontakt email: <a href=\"mailto:22_Cermak.Vit@szespisek.cz\">22_Cermak.Vit@szespisek.cz<\/a><\/p>\n","protected":false},"excerpt":{"rendered":"<p>V&nbsp;r\u00e1mci St\u0159edn\u00ed zem\u011bd\u011blsk\u00e9 \u0161koly p\u016fsob\u00ed od \u0161koln\u00edho roku 2021\/2022 \u0160koln\u00ed studentsk\u00fd parlament. &nbsp;Jeho \u00fakolem je reprezentovat \u0161kolu, zprost\u0159edkov\u00e1vat informace sd\u011blen\u00e9 na&nbsp;v\u0161ech sch\u016fzk\u00e1ch Jiho\u010desk\u00e9ho studentsk\u00e9ho parlamentu sv\u00e9 \u0161kole a&nbsp;aktivn\u011b se zapojovat do&nbsp;napl\u00e1novan\u00fdch akc\u00ed. Jiho\u010desk\u00fd studentsk\u00fd parlament je spolek, reprezentuj\u00edc\u00ed studenty st\u0159edn\u00edch \u0161kol Jiho\u010desk\u00e9ho kraje. Jeho c\u00edlem je h\u00e1jit hlas st\u0159edo\u0161kol\u00e1k\u016f a zv\u00fd\u0161it jejich pov\u011bdom\u00ed o politice [&hellip;]<\/p>\n","protected":false},"author":2,"featured_media":0,"parent":0,"menu_order":0,"comment_status":"closed","ping_status":"closed","template":"","meta":{"site-sidebar-layout":"default","site-content-layout":"","ast-site-content-layout":"default","site-content-style":"default","site-sidebar-style":"default","ast-global-header-display":"","ast-banner-title-visibility":"","ast-main-header-display":"","ast-hfb-above-header-display":"","ast-hfb-below-header-display":"","ast-hfb-mobile-header-display":"","site-post-title":"","ast-breadcrumbs-content":"","ast-featured-img":"","footer-sml-layout":"","ast-disable-related-posts":"","theme-transparent-header-meta":"","adv-header-id-meta":"","stick-header-meta":"","header-above-stick-meta":"","header-main-stick-meta":"","header-below-stick-meta":"","astra-migrate-meta-layouts":"set","ast-page-background-enabled":"default","ast-page-background-meta":{"desktop":{"background-color":"var(--ast-global-color-4)","background-image":"","background-repeat":"repeat","background-position":"center center","background-size":"auto","background-attachment":"scroll","background-type":"","background-media":"","overlay-type":"","overlay-color":"","overlay-opacity":"","overlay-gradient":""},"tablet":{"background-color":"","background-image":"","background-repeat":"repeat","background-position":"center center","background-size":"auto","background-attachment":"scroll","background-type":"","background-media":"","overlay-type":"","overlay-color":"","overlay-opacity":"","overlay-gradient":""},"mobile":{"background-color":"","background-image":"","background-repeat":"repeat","background-position":"center center","background-size":"auto","background-attachment":"scroll","background-type":"","background-media":"","overlay-type":"","overlay-color":"","overlay-opacity":"","overlay-gradient":""}},"ast-content-background-meta":{"desktop":{"background-color":"var(--ast-global-color-5)","background-image":"","background-repeat":"repeat","background-position":"center center","background-size":"auto","background-attachment":"scroll","background-type":"","background-media":"","overlay-type":"","overlay-color":"","overlay-opacity":"","overlay-gradient":""},"tablet":{"background-color":"var(--ast-global-color-5)","background-image":"","background-repeat":"repeat","background-position":"center center","background-size":"auto","background-attachment":"scroll","background-type":"","background-media":"","overlay-type":"","overlay-color":"","overlay-opacity":"","overlay-gradient":""},"mobile":{"background-color":"var(--ast-global-color-5)","background-image":"","background-repeat":"repeat","background-position":"center center","background-size":"auto","background-attachment":"scroll","background-type":"","background-media":"","overlay-type":"","overlay-color":"","overlay-opacity":"","overlay-gradient":""}},"footnotes":""},"class_list":["post-1785","page","type-page","status-publish","hentry"],"_links":{"self":[{"href":"https:\/\/www.szespisek.cz\/index.php\/wp-json\/wp\/v2\/pages\/1785","targetHints":{"allow":["GET"]}}],"collection":[{"href":"https:\/\/www.szespisek.cz\/index.php\/wp-json\/wp\/v2\/pages"}],"about":[{"href":"https:\/\/www.szespisek.cz\/index.php\/wp-json\/wp\/v2\/types\/page"}],"author":[{"embeddable":true,"href":"https:\/\/www.szespisek.cz\/index.php\/wp-json\/wp\/v2\/users\/2"}],"replies":[{"embeddable":true,"href":"https:\/\/www.szespisek.cz\/index.php\/wp-json\/wp\/v2\/comments?post=1785"}],"version-history":[{"count":1,"href":"https:\/\/www.szespisek.cz\/index.php\/wp-json\/wp\/v2\/pages\/1785\/revisions"}],"predecessor-version":[{"id":1786,"href":"https:\/\/www.szespisek.cz\/index.php\/wp-json\/wp\/v2\/pages\/1785\/revisions\/1786"}],"wp:attachment":[{"href":"https:\/\/www.szespisek.cz\/index.php\/wp-json\/wp\/v2\/media?parent=1785"}],"curies":[{"name":"wp","href":"https:\/\/api.w.org\/{rel}","templated":true}]}}