{"id":54,"date":"2021-09-10T12:09:29","date_gmt":"2021-09-10T12:09:29","guid":{"rendered":"http:\/\/www.szespisek.cz\/?page_id=54"},"modified":"2021-09-21T13:47:51","modified_gmt":"2021-09-21T13:47:51","slug":"aktuality","status":"publish","type":"page","link":"https:\/\/www.szespisek.cz\/index.php\/aktuality\/","title":{"rendered":"Aktuality"},"content":{"rendered":"\t\t<div data-elementor-type=\"wp-page\" data-elementor-id=\"54\" class=\"elementor elementor-54\" data-elementor-post-type=\"page\">\n\t\t\t\t\t\t<section class=\"elementor-section elementor-top-section elementor-element elementor-element-7ef6f92 elementor-section-boxed elementor-section-height-default elementor-section-height-default\" data-id=\"7ef6f92\" data-element_type=\"section\">\n\t\t\t\t\t\t<div class=\"elementor-container elementor-column-gap-default\">\n\t\t\t\t\t<div class=\"elementor-column elementor-col-100 elementor-top-column elementor-element elementor-element-8ab90a2\" data-id=\"8ab90a2\" data-element_type=\"column\">\n\t\t\t<div class=\"elementor-widget-wrap elementor-element-populated\">\n\t\t\t\t\t\t<div class=\"elementor-element elementor-element-708a8143 elementor-widget elementor-widget-heading\" data-id=\"708a8143\" data-element_type=\"widget\" data-widget_type=\"heading.default\">\n\t\t\t\t<div class=\"elementor-widget-container\">\n\t\t\t\t\t<h1 class=\"elementor-heading-title elementor-size-default\">Aktuality<\/h1>\t\t\t\t<\/div>\n\t\t\t\t<\/div>\n\t\t\t\t\t<\/div>\n\t\t<\/div>\n\t\t\t\t\t<\/div>\n\t\t<\/section>\n\t\t\t\t<section class=\"elementor-section elementor-top-section elementor-element elementor-element-905adcf elementor-section-boxed elementor-section-height-default elementor-section-height-default\" data-id=\"905adcf\" data-element_type=\"section\">\n\t\t\t\t\t\t<div class=\"elementor-container elementor-column-gap-default\">\n\t\t\t\t\t<div class=\"elementor-column elementor-col-100 elementor-top-column elementor-element elementor-element-842c21b\" data-id=\"842c21b\" data-element_type=\"column\">\n\t\t\t<div class=\"elementor-widget-wrap elementor-element-populated\">\n\t\t\t\t\t\t<div class=\"elementor-element elementor-element-a6f0893 elementor-nav-menu__align-center elementor-nav-menu--dropdown-tablet elementor-nav-menu__text-align-aside elementor-nav-menu--toggle elementor-nav-menu--burger elementor-widget elementor-widget-nav-menu\" data-id=\"a6f0893\" data-element_type=\"widget\" data-settings=\"{&quot;layout&quot;:&quot;horizontal&quot;,&quot;submenu_icon&quot;:{&quot;value&quot;:&quot;&lt;i class=\\&quot;fas fa-caret-down\\&quot;&gt;&lt;\\\/i&gt;&quot;,&quot;library&quot;:&quot;fa-solid&quot;},&quot;toggle&quot;:&quot;burger&quot;}\" data-widget_type=\"nav-menu.default\">\n\t\t\t\t<div class=\"elementor-widget-container\">\n\t\t\t\t\t\t\t\t<nav aria-label=\"Menu\" class=\"elementor-nav-menu--main elementor-nav-menu__container elementor-nav-menu--layout-horizontal e--pointer-underline e--animation-fade\">\n\t\t\t\t<ul id=\"menu-1-a6f0893\" class=\"elementor-nav-menu\"><li class=\"menu-item menu-item-type-taxonomy menu-item-object-category menu-item-726\"><a href=\"https:\/\/www.szespisek.cz\/index.php\/category\/exkurze\/\" class=\"elementor-item menu-link\">Exkurze<\/a><\/li>\n<li class=\"menu-item menu-item-type-taxonomy menu-item-object-category menu-item-727\"><a href=\"https:\/\/www.szespisek.cz\/index.php\/category\/archiv\/\" class=\"elementor-item menu-link\">Archiv<\/a><\/li>\n<\/ul>\t\t\t<\/nav>\n\t\t\t\t\t<div class=\"elementor-menu-toggle\" role=\"button\" tabindex=\"0\" aria-label=\"Menu Toggle\" aria-expanded=\"false\">\n\t\t\t<i aria-hidden=\"true\" role=\"presentation\" class=\"elementor-menu-toggle__icon--open eicon-menu-bar\"><\/i><i aria-hidden=\"true\" role=\"presentation\" class=\"elementor-menu-toggle__icon--close eicon-close\"><\/i>\t\t<\/div>\n\t\t\t\t\t<nav class=\"elementor-nav-menu--dropdown elementor-nav-menu__container\" aria-hidden=\"true\">\n\t\t\t\t<ul id=\"menu-2-a6f0893\" class=\"elementor-nav-menu\"><li class=\"menu-item menu-item-type-taxonomy menu-item-object-category menu-item-726\"><a href=\"https:\/\/www.szespisek.cz\/index.php\/category\/exkurze\/\" class=\"elementor-item menu-link\" tabindex=\"-1\">Exkurze<\/a><\/li>\n<li class=\"menu-item menu-item-type-taxonomy menu-item-object-category menu-item-727\"><a href=\"https:\/\/www.szespisek.cz\/index.php\/category\/archiv\/\" class=\"elementor-item menu-link\" tabindex=\"-1\">Archiv<\/a><\/li>\n<\/ul>\t\t\t<\/nav>\n\t\t\t\t\t\t<\/div>\n\t\t\t\t<\/div>\n\t\t\t\t\t<\/div>\n\t\t<\/div>\n\t\t\t\t\t<\/div>\n\t\t<\/section>\n\t\t\t\t<section class=\"elementor-section elementor-top-section elementor-element elementor-element-3309f86d elementor-section-boxed elementor-section-height-default elementor-section-height-default\" data-id=\"3309f86d\" data-element_type=\"section\">\n\t\t\t\t\t\t<div class=\"elementor-container elementor-column-gap-default\">\n\t\t\t\t\t<div class=\"elementor-column elementor-col-100 elementor-top-column elementor-element elementor-element-39869ac\" data-id=\"39869ac\" data-element_type=\"column\">\n\t\t\t<div class=\"elementor-widget-wrap elementor-element-populated\">\n\t\t\t\t\t\t<div class=\"elementor-element elementor-element-154bd069 elementor-posts--thumbnail-none elementor-grid-3 elementor-grid-tablet-2 elementor-grid-mobile-1 elementor-card-shadow-yes elementor-posts__hover-gradient elementor-widget elementor-widget-posts\" data-id=\"154bd069\" data-element_type=\"widget\" data-settings=\"{&quot;cards_columns&quot;:&quot;3&quot;,&quot;cards_columns_tablet&quot;:&quot;2&quot;,&quot;cards_columns_mobile&quot;:&quot;1&quot;,&quot;cards_row_gap&quot;:{&quot;unit&quot;:&quot;px&quot;,&quot;size&quot;:35,&quot;sizes&quot;:[]},&quot;cards_row_gap_tablet&quot;:{&quot;unit&quot;:&quot;px&quot;,&quot;size&quot;:&quot;&quot;,&quot;sizes&quot;:[]},&quot;cards_row_gap_mobile&quot;:{&quot;unit&quot;:&quot;px&quot;,&quot;size&quot;:&quot;&quot;,&quot;sizes&quot;:[]}}\" data-widget_type=\"posts.cards\">\n\t\t\t\t<div class=\"elementor-widget-container\">\n\t\t\t\t\t\t\t<div class=\"elementor-posts-container elementor-posts elementor-posts--skin-cards elementor-grid\">\n\t\t\t\t<article class=\"elementor-post elementor-grid-item post-1988 post type-post status-publish format-standard hentry category-exkurze\">\n\t\t\t<div class=\"elementor-post__card\">\n\t\t\t\t<div class=\"elementor-post__text\">\n\t\t\t\t<h3 class=\"elementor-post__title\">\n\t\t\t<a href=\"https:\/\/www.szespisek.cz\/index.php\/2026\/04\/16\/odborna-exkurze\/\" >\n\t\t\t\tOdborn\u00e1 exkurze\t\t\t<\/a>\n\t\t<\/h3>\n\t\t\t\t<div class=\"elementor-post__excerpt\">\n\t\t\t<p>Dne 13. 4. 2026 se \u017e\u00e1ci 3. ro\u010dn\u00edk\u016f oboru Agropodnik\u00e1n\u00ed z\u00fa\u010dastnili jedn\u00e9 z nejv\u00fdznamn\u011bj\u0161\u00edch chovatelsk\u00fdch akc\u00ed v \u010cesk\u00e9 republice \u2013 N\u00e1rodn\u00ed v\u00fdstavy hospod\u00e1\u0159sk\u00fdch zv\u00ed\u0159at na<\/p>\n\t\t<\/div>\n\t\t\n\t\t<a class=\"elementor-post__read-more\" href=\"https:\/\/www.szespisek.cz\/index.php\/2026\/04\/16\/odborna-exkurze\/\" aria-label=\"Read more about Odborn\u00e1 exkurze\" tabindex=\"-1\" >\n\t\t\t\u010c\u00edst d\u00e1l \u00bb\t\t<\/a>\n\n\t\t\t\t<\/div>\n\t\t\t\t<div class=\"elementor-post__meta-data\">\n\t\t\t\t\t<span class=\"elementor-post-author\">\n\t\t\tJaroslav Wailguny\t\t<\/span>\n\t\t\t\t<span class=\"elementor-post-date\">\n\t\t\t16. dubna 2026\t\t<\/span>\n\t\t\t\t<\/div>\n\t\t\t\t\t<\/div>\n\t\t<\/article>\n\t\t\t\t<article class=\"elementor-post elementor-grid-item post-1979 post type-post status-publish format-standard hentry category-ostatni\">\n\t\t\t<div class=\"elementor-post__card\">\n\t\t\t\t<div class=\"elementor-post__text\">\n\t\t\t\t<h3 class=\"elementor-post__title\">\n\t\t\t<a href=\"https:\/\/www.szespisek.cz\/index.php\/2026\/04\/09\/tomas-matas-nejlepsi-v-republice\/\" >\n\t\t\t\tTom\u00e1\u0161 Matas nejlep\u0161\u00ed v\u00a0republice!\t\t\t<\/a>\n\t\t<\/h3>\n\t\t\t\t<div class=\"elementor-post__excerpt\">\n\t\t\t<p>V&nbsp;minul\u00fdch dnech se v&nbsp;bene\u0161ovsk\u00e9 zem\u011bd\u011blsk\u00e9 \u0161kole konal ji\u017e 26. ro\u010dn\u00edk sout\u011b\u017ee student\u016f st\u0159edn\u00edch zem\u011bd\u011blsk\u00fdch \u0161kol z&nbsp;cel\u00e9 republiky. Sjeli se budouc\u00ed agropodnikatel\u00e9 z 26 \u0161kol po<\/p>\n\t\t<\/div>\n\t\t\n\t\t<a class=\"elementor-post__read-more\" href=\"https:\/\/www.szespisek.cz\/index.php\/2026\/04\/09\/tomas-matas-nejlepsi-v-republice\/\" aria-label=\"Read more about Tom\u00e1\u0161 Matas nejlep\u0161\u00ed v\u00a0republice!\" tabindex=\"-1\" >\n\t\t\t\u010c\u00edst d\u00e1l \u00bb\t\t<\/a>\n\n\t\t\t\t<\/div>\n\t\t\t\t<div class=\"elementor-post__meta-data\">\n\t\t\t\t\t<span class=\"elementor-post-author\">\n\t\t\tJaroslav Wailguny\t\t<\/span>\n\t\t\t\t<span class=\"elementor-post-date\">\n\t\t\t9. dubna 2026\t\t<\/span>\n\t\t\t\t<\/div>\n\t\t\t\t\t<\/div>\n\t\t<\/article>\n\t\t\t\t<article class=\"elementor-post elementor-grid-item post-1973 post type-post status-publish format-standard hentry category-exkurze\">\n\t\t\t<div class=\"elementor-post__card\">\n\t\t\t\t<div class=\"elementor-post__text\">\n\t\t\t\t<h3 class=\"elementor-post__title\">\n\t\t\t<a href=\"https:\/\/www.szespisek.cz\/index.php\/2026\/04\/09\/erasmus-pszczyna\/\" >\n\t\t\t\tErasmus+ Pszczyna\t\t\t<\/a>\n\t\t<\/h3>\n\t\t\t\t<div class=\"elementor-post__excerpt\">\n\t\t\t<p>8.3.2026 vyrazili \u017e\u00e1ci druh\u00fdch a t\u0159et\u00edch ro\u010dn\u00edk\u016f p\u00edseck\u00e9 zem\u011bd\u011blky na 2t\u00fddenn\u00ed pracovn\u00ed st\u00e1\u017e do polsk\u00e9 Pszczyny v&nbsp;r\u00e1mci programu Erasmus+. Vyzkou\u0161eli si zde pr\u00e1ci na zub\u0159\u00ed<\/p>\n\t\t<\/div>\n\t\t\n\t\t<a class=\"elementor-post__read-more\" href=\"https:\/\/www.szespisek.cz\/index.php\/2026\/04\/09\/erasmus-pszczyna\/\" aria-label=\"Read more about Erasmus+ Pszczyna\" tabindex=\"-1\" >\n\t\t\t\u010c\u00edst d\u00e1l \u00bb\t\t<\/a>\n\n\t\t\t\t<\/div>\n\t\t\t\t<div class=\"elementor-post__meta-data\">\n\t\t\t\t\t<span class=\"elementor-post-author\">\n\t\t\tJaroslav Wailguny\t\t<\/span>\n\t\t\t\t<span class=\"elementor-post-date\">\n\t\t\t9. dubna 2026\t\t<\/span>\n\t\t\t\t<\/div>\n\t\t\t\t\t<\/div>\n\t\t<\/article>\n\t\t\t\t<article class=\"elementor-post elementor-grid-item post-1923 post type-post status-publish format-standard hentry category-exkurze\">\n\t\t\t<div class=\"elementor-post__card\">\n\t\t\t\t<div class=\"elementor-post__text\">\n\t\t\t\t<h3 class=\"elementor-post__title\">\n\t\t\t<a href=\"https:\/\/www.szespisek.cz\/index.php\/2026\/03\/26\/exkurze-do-ps-parlamentu-cr-2\/\" >\n\t\t\t\tExkurze do PS Parlamentu \u010cR.\t\t\t<\/a>\n\t\t<\/h3>\n\t\t\t\t<div class=\"elementor-post__excerpt\">\n\t\t\t<p>Ve st\u0159edu 4.3. 2026 se uskute\u010dnila exkurze vybran\u00e9 skupiny student\u016f \u0161koly do prostor PS Parlamentu \u010cR v&nbsp;Praze. Studenti m\u011bli mo\u017enost prohl\u00e9dnout si n\u011bkter\u00e9 reprezentativn\u00ed prostory<\/p>\n\t\t<\/div>\n\t\t\n\t\t<a class=\"elementor-post__read-more\" href=\"https:\/\/www.szespisek.cz\/index.php\/2026\/03\/26\/exkurze-do-ps-parlamentu-cr-2\/\" aria-label=\"Read more about Exkurze do PS Parlamentu \u010cR.\" tabindex=\"-1\" >\n\t\t\t\u010c\u00edst d\u00e1l \u00bb\t\t<\/a>\n\n\t\t\t\t<\/div>\n\t\t\t\t<div class=\"elementor-post__meta-data\">\n\t\t\t\t\t<span class=\"elementor-post-author\">\n\t\t\tJaroslav Wailguny\t\t<\/span>\n\t\t\t\t<span class=\"elementor-post-date\">\n\t\t\t26. b\u0159ezna 2026\t\t<\/span>\n\t\t\t\t<\/div>\n\t\t\t\t\t<\/div>\n\t\t<\/article>\n\t\t\t\t<article class=\"elementor-post elementor-grid-item post-1921 post type-post status-publish format-standard hentry category-exkurze\">\n\t\t\t<div class=\"elementor-post__card\">\n\t\t\t\t<div class=\"elementor-post__text\">\n\t\t\t\t<h3 class=\"elementor-post__title\">\n\t\t\t<a href=\"https:\/\/www.szespisek.cz\/index.php\/2026\/03\/26\/navsteva-zoo-hluboka\/\" >\n\t\t\t\tN\u00e1v\u0161t\u011bva ZOO Hlubok\u00e1\t\t\t<\/a>\n\t\t<\/h3>\n\t\t\t\t<div class=\"elementor-post__excerpt\">\n\t\t\t<p>V&nbsp;pond\u011bl\u00ed po jarn\u00edch pr\u00e1zdnin\u00e1ch se skupina Agro ze 3.B. jela pod\u00edvat do ZOO Hlubok\u00e1 nad Vltavou. C\u00edlem bylo absolvov\u00e1n\u00ed nov\u00e9ho vzd\u011bl\u00e1vac\u00edho programu. Programy ZOO ji\u017e<\/p>\n\t\t<\/div>\n\t\t\n\t\t<a class=\"elementor-post__read-more\" href=\"https:\/\/www.szespisek.cz\/index.php\/2026\/03\/26\/navsteva-zoo-hluboka\/\" aria-label=\"Read more about N\u00e1v\u0161t\u011bva ZOO Hlubok\u00e1\" tabindex=\"-1\" >\n\t\t\t\u010c\u00edst d\u00e1l \u00bb\t\t<\/a>\n\n\t\t\t\t<\/div>\n\t\t\t\t<div class=\"elementor-post__meta-data\">\n\t\t\t\t\t<span class=\"elementor-post-author\">\n\t\t\tJaroslav Wailguny\t\t<\/span>\n\t\t\t\t<span class=\"elementor-post-date\">\n\t\t\t26. b\u0159ezna 2026\t\t<\/span>\n\t\t\t\t<\/div>\n\t\t\t\t\t<\/div>\n\t\t<\/article>\n\t\t\t\t<article class=\"elementor-post elementor-grid-item post-1838 post type-post status-publish format-standard hentry category-ostatni\">\n\t\t\t<div class=\"elementor-post__card\">\n\t\t\t\t<div class=\"elementor-post__text\">\n\t\t\t\t<h3 class=\"elementor-post__title\">\n\t\t\t<a href=\"https:\/\/www.szespisek.cz\/index.php\/2025\/11\/25\/oznameni-o-preruseni-provozu-skoly-a-skolni-jidelny\/\" >\n\t\t\t\tOzn\u00e1men\u00ed o p\u0159eru\u0161en\u00ed provozu \u0161koly a \u0161koln\u00ed j\u00eddelny\t\t\t<\/a>\n\t\t<\/h3>\n\t\t\t\t<div class=\"elementor-post__excerpt\">\n\t\t\t<p>V dob\u011b v\u00e1no\u010dn\u00edch pr\u00e1zdnin (od 22. 12. 2025 do 2.1. 2026) bude provoz \u0161koly i \u0161koln\u00ed j\u00eddelny p\u0159eru\u0161en. Provoz bude obnoven&nbsp;v pond\u011bl\u00ed 5. ledna 2026.<\/p>\n\t\t<\/div>\n\t\t\n\t\t<a class=\"elementor-post__read-more\" href=\"https:\/\/www.szespisek.cz\/index.php\/2025\/11\/25\/oznameni-o-preruseni-provozu-skoly-a-skolni-jidelny\/\" aria-label=\"Read more about Ozn\u00e1men\u00ed o p\u0159eru\u0161en\u00ed provozu \u0161koly a \u0161koln\u00ed j\u00eddelny\" tabindex=\"-1\" >\n\t\t\t\u010c\u00edst d\u00e1l \u00bb\t\t<\/a>\n\n\t\t\t\t<\/div>\n\t\t\t\t<div class=\"elementor-post__meta-data\">\n\t\t\t\t\t<span class=\"elementor-post-author\">\n\t\t\tJaroslav Wailguny\t\t<\/span>\n\t\t\t\t<span class=\"elementor-post-date\">\n\t\t\t25. listopadu 2025\t\t<\/span>\n\t\t\t\t<\/div>\n\t\t\t\t\t<\/div>\n\t\t<\/article>\n\t\t\t\t<article class=\"elementor-post elementor-grid-item post-1836 post type-post status-publish format-standard hentry category-ostatni\">\n\t\t\t<div class=\"elementor-post__card\">\n\t\t\t\t<div class=\"elementor-post__text\">\n\t\t\t\t<h3 class=\"elementor-post__title\">\n\t\t\t<a href=\"https:\/\/www.szespisek.cz\/index.php\/2025\/10\/21\/provoz-jidelny\/\" >\n\t\t\t\tProvoz j\u00eddelny\t\t\t<\/a>\n\t\t<\/h3>\n\t\t\t\t<div class=\"elementor-post__excerpt\">\n\t\t\t<p>Ve dnech 27. 10. a 29. 10. 2025 bude z&nbsp;d\u016fvodu podzimn\u00edch pr\u00e1zdnin \u0161koln\u00ed j\u00eddelna uzav\u0159ena. V\u0161ichni str\u00e1vn\u00edci budou automaticky odhl\u00e1\u0161eni. Ve dnech 30. 10. a<\/p>\n\t\t<\/div>\n\t\t\n\t\t<a class=\"elementor-post__read-more\" href=\"https:\/\/www.szespisek.cz\/index.php\/2025\/10\/21\/provoz-jidelny\/\" aria-label=\"Read more about Provoz j\u00eddelny\" tabindex=\"-1\" >\n\t\t\t\u010c\u00edst d\u00e1l \u00bb\t\t<\/a>\n\n\t\t\t\t<\/div>\n\t\t\t\t<div class=\"elementor-post__meta-data\">\n\t\t\t\t\t<span class=\"elementor-post-author\">\n\t\t\tJaroslav Wailguny\t\t<\/span>\n\t\t\t\t<span class=\"elementor-post-date\">\n\t\t\t21. \u0159\u00edjna 2025\t\t<\/span>\n\t\t\t\t<\/div>\n\t\t\t\t\t<\/div>\n\t\t<\/article>\n\t\t\t\t<article class=\"elementor-post elementor-grid-item post-1805 post type-post status-publish format-standard has-post-thumbnail hentry category-ostatni\">\n\t\t\t<div class=\"elementor-post__card\">\n\t\t\t\t<div class=\"elementor-post__text\">\n\t\t\t\t<h3 class=\"elementor-post__title\">\n\t\t\t<a href=\"https:\/\/www.szespisek.cz\/index.php\/2025\/10\/20\/den-zemedelky-2025\/\" >\n\t\t\t\tDen zem\u011bd\u011blky 2025\t\t\t<\/a>\n\t\t<\/h3>\n\t\t\t\t<div class=\"elementor-post__excerpt\">\n\t\t\t<p>V&nbsp;are\u00e1lu \u0161koln\u00ed statku SZe\u0160 P\u00edsek v&nbsp;Dobe\u0161ick\u00e9 ulici se v&nbsp;p\u00e1tek 10. a v&nbsp;sobotu 11. \u0159\u00edjna 2025 konal dal\u0161\u00ed ro\u010dn\u00edk tradi\u010dn\u00ed akce na\u0161\u00ed \u0161koly \u2013 DEN ZEM\u011aD\u011aLKY.<\/p>\n\t\t<\/div>\n\t\t\n\t\t<a class=\"elementor-post__read-more\" href=\"https:\/\/www.szespisek.cz\/index.php\/2025\/10\/20\/den-zemedelky-2025\/\" aria-label=\"Read more about Den zem\u011bd\u011blky 2025\" tabindex=\"-1\" >\n\t\t\t\u010c\u00edst d\u00e1l \u00bb\t\t<\/a>\n\n\t\t\t\t<\/div>\n\t\t\t\t<div class=\"elementor-post__meta-data\">\n\t\t\t\t\t<span class=\"elementor-post-author\">\n\t\t\tJaroslav Wailguny\t\t<\/span>\n\t\t\t\t<span class=\"elementor-post-date\">\n\t\t\t20. \u0159\u00edjna 2025\t\t<\/span>\n\t\t\t\t<\/div>\n\t\t\t\t\t<\/div>\n\t\t<\/article>\n\t\t\t\t<article class=\"elementor-post elementor-grid-item post-1798 post type-post status-publish format-standard hentry category-ostatni\">\n\t\t\t<div class=\"elementor-post__card\">\n\t\t\t\t<div class=\"elementor-post__text\">\n\t\t\t\t<h3 class=\"elementor-post__title\">\n\t\t\t<a href=\"https:\/\/www.szespisek.cz\/index.php\/2025\/09\/09\/obedy-pro-jihoceske-deti-ii\/\" >\n\t\t\t\tOb\u011bdy pro jiho\u010desk\u00e9 d\u011bti II.\t\t\t<\/a>\n\t\t<\/h3>\n\t\t\t\t<div class=\"elementor-post__excerpt\">\n\t\t\t<p>Projekt je spolufinancov\u00e1n Evropskou uni\u00ed C\u00edlem projektu je zaji\u0161t\u011bn\u00ed bezplatn\u00e9ho \u0161koln\u00edho stravov\u00e1n\u00ed d\u011bt\u00ed v mate\u0159sk\u00fdch \u0161kol\u00e1ch a \u017e\u00e1k\u016f\/\u017e\u00e1ky\u0148 a student\u016f\/studentek v z\u00e1kladn\u00edch a st\u0159edn\u00edch \u0161kol\u00e1ch<\/p>\n\t\t<\/div>\n\t\t\n\t\t<a class=\"elementor-post__read-more\" href=\"https:\/\/www.szespisek.cz\/index.php\/2025\/09\/09\/obedy-pro-jihoceske-deti-ii\/\" aria-label=\"Read more about Ob\u011bdy pro jiho\u010desk\u00e9 d\u011bti II.\" tabindex=\"-1\" >\n\t\t\t\u010c\u00edst d\u00e1l \u00bb\t\t<\/a>\n\n\t\t\t\t<\/div>\n\t\t\t\t<div class=\"elementor-post__meta-data\">\n\t\t\t\t\t<span class=\"elementor-post-author\">\n\t\t\tJaroslav Wailguny\t\t<\/span>\n\t\t\t\t<span class=\"elementor-post-date\">\n\t\t\t9. z\u00e1\u0159\u00ed 2025\t\t<\/span>\n\t\t\t\t<\/div>\n\t\t\t\t\t<\/div>\n\t\t<\/article>\n\t\t\t\t<article class=\"elementor-post elementor-grid-item post-1789 post type-post status-publish format-standard hentry category-ostatni\">\n\t\t\t<div class=\"elementor-post__card\">\n\t\t\t\t<div class=\"elementor-post__text\">\n\t\t\t\t<h3 class=\"elementor-post__title\">\n\t\t\t<a href=\"https:\/\/www.szespisek.cz\/index.php\/2025\/07\/08\/udeleni-statusu-fakultni-skola-stredni-zemedelske-skole-v-pisku\/\" >\n\t\t\t\tUd\u011blen\u00ed statusu FAKULTN\u00cd \u0160KOLA St\u0159edn\u00ed zem\u011bd\u011blsk\u00e9 \u0161kole v P\u00edsku\t\t\t<\/a>\n\t\t<\/h3>\n\t\t\t\t<div class=\"elementor-post__excerpt\">\n\t\t\t<p>Ve \u010dtvrtek 29. kv\u011btna 2025 se v prostor\u00e1ch Domu kultury Metropol v \u010cesk\u00fdch Bud\u011bjovic\u00edch uskute\u010dnil slavnostn\u00ed Spole\u010densk\u00fd ve\u010der Fakulty zem\u011bd\u011blsk\u00e9 a technologick\u00e9 JU u p\u0159\u00edle\u017eitosti<\/p>\n\t\t<\/div>\n\t\t\n\t\t<a class=\"elementor-post__read-more\" href=\"https:\/\/www.szespisek.cz\/index.php\/2025\/07\/08\/udeleni-statusu-fakultni-skola-stredni-zemedelske-skole-v-pisku\/\" aria-label=\"Read more about Ud\u011blen\u00ed statusu FAKULTN\u00cd \u0160KOLA St\u0159edn\u00ed zem\u011bd\u011blsk\u00e9 \u0161kole v P\u00edsku\" tabindex=\"-1\" >\n\t\t\t\u010c\u00edst d\u00e1l \u00bb\t\t<\/a>\n\n\t\t\t\t<\/div>\n\t\t\t\t<div class=\"elementor-post__meta-data\">\n\t\t\t\t\t<span class=\"elementor-post-author\">\n\t\t\tJaroslav Wailguny\t\t<\/span>\n\t\t\t\t<span class=\"elementor-post-date\">\n\t\t\t8. \u010dervence 2025\t\t<\/span>\n\t\t\t\t<\/div>\n\t\t\t\t\t<\/div>\n\t\t<\/article>\n\t\t\t\t<article class=\"elementor-post elementor-grid-item post-1769 post type-post status-publish format-standard hentry category-ostatni\">\n\t\t\t<div class=\"elementor-post__card\">\n\t\t\t\t<div class=\"elementor-post__text\">\n\t\t\t\t<h3 class=\"elementor-post__title\">\n\t\t\t<a href=\"https:\/\/www.szespisek.cz\/index.php\/2025\/06\/19\/semikova-podkova-2025\/\" >\n\t\t\t\t\u0160em\u00edkova podkova 2025\t\t\t<\/a>\n\t\t<\/h3>\n\t\t\t\t<div class=\"elementor-post__excerpt\">\n\t\t\t<p>Ji\u017e 10. jubilejn\u00ed ro\u010dn\u00edk tradi\u010dn\u00ed odborn\u00e9 sout\u011b\u017ee \u201eO \u0160em\u00edkovu podkovu\u201c, se konal ve \u010dtvrtek 12. \u010dervna&nbsp;2025 od 9h v are\u00e1lu St\u0159edn\u00ed \u0161koly dostihov\u00e9ho sportu a<\/p>\n\t\t<\/div>\n\t\t\n\t\t<a class=\"elementor-post__read-more\" href=\"https:\/\/www.szespisek.cz\/index.php\/2025\/06\/19\/semikova-podkova-2025\/\" aria-label=\"Read more about \u0160em\u00edkova podkova 2025\" tabindex=\"-1\" >\n\t\t\t\u010c\u00edst d\u00e1l \u00bb\t\t<\/a>\n\n\t\t\t\t<\/div>\n\t\t\t\t<div class=\"elementor-post__meta-data\">\n\t\t\t\t\t<span class=\"elementor-post-author\">\n\t\t\tJaroslav Wailguny\t\t<\/span>\n\t\t\t\t<span class=\"elementor-post-date\">\n\t\t\t19. \u010dervna 2025\t\t<\/span>\n\t\t\t\t<\/div>\n\t\t\t\t\t<\/div>\n\t\t<\/article>\n\t\t\t\t<article class=\"elementor-post elementor-grid-item post-1762 post type-post status-publish format-standard hentry category-ostatni\">\n\t\t\t<div class=\"elementor-post__card\">\n\t\t\t\t<div class=\"elementor-post__text\">\n\t\t\t\t<h3 class=\"elementor-post__title\">\n\t\t\t<a href=\"https:\/\/www.szespisek.cz\/index.php\/2025\/06\/11\/setkani-uspesnych-studentu-piseckych-skol-se-starostou-a-dalsimi-predstaviteli-mesta-3\/\" >\n\t\t\t\tSetk\u00e1n\u00ed \u00fasp\u011b\u0161n\u00fdch student\u016f p\u00edseck\u00fdch \u0161kol se starostou a dal\u0161\u00edmi p\u0159edstaviteli m\u011bsta.\t\t\t<\/a>\n\t\t<\/h3>\n\t\t\t\t<div class=\"elementor-post__excerpt\">\n\t\t\t<p>Ve st\u0159edu 11. 6. 2025 se uskute\u010dnilo v&nbsp;kostele Nejsv\u011bt\u011bj\u0161\u00ed Trojice v&nbsp;P\u00edsku ji\u017e tradi\u010dn\u00ed setk\u00e1n\u00ed \u00fasp\u011b\u0161n\u00fdch student\u016f ze v\u0161ech p\u00edseck\u00fdch \u0161kol s&nbsp;panem starostou a dal\u0161\u00edmi p\u0159edstaviteli<\/p>\n\t\t<\/div>\n\t\t\n\t\t<a class=\"elementor-post__read-more\" href=\"https:\/\/www.szespisek.cz\/index.php\/2025\/06\/11\/setkani-uspesnych-studentu-piseckych-skol-se-starostou-a-dalsimi-predstaviteli-mesta-3\/\" aria-label=\"Read more about Setk\u00e1n\u00ed \u00fasp\u011b\u0161n\u00fdch student\u016f p\u00edseck\u00fdch \u0161kol se starostou a dal\u0161\u00edmi p\u0159edstaviteli m\u011bsta.\" tabindex=\"-1\" >\n\t\t\t\u010c\u00edst d\u00e1l \u00bb\t\t<\/a>\n\n\t\t\t\t<\/div>\n\t\t\t\t<div class=\"elementor-post__meta-data\">\n\t\t\t\t\t<span class=\"elementor-post-author\">\n\t\t\tJaroslav Wailguny\t\t<\/span>\n\t\t\t\t<span class=\"elementor-post-date\">\n\t\t\t11. \u010dervna 2025\t\t<\/span>\n\t\t\t\t<\/div>\n\t\t\t\t\t<\/div>\n\t\t<\/article>\n\t\t\t\t<\/div>\n\t\t\n\t\t\t\t\t\t<\/div>\n\t\t\t\t<\/div>\n\t\t\t\t\t<\/div>\n\t\t<\/div>\n\t\t\t\t\t<\/div>\n\t\t<\/section>\n\t\t\t\t<\/div>\n\t\t","protected":false},"excerpt":{"rendered":"<p>Aktuality<\/p>\n","protected":false},"author":1,"featured_media":0,"parent":0,"menu_order":0,"comment_status":"closed","ping_status":"closed","template":"","meta":{"site-sidebar-layout":"no-sidebar","site-content-layout":"page-builder","ast-site-content-layout":"default","site-content-style":"default","site-sidebar-style":"default","ast-global-header-display":"","ast-banner-title-visibility":"","ast-main-header-display":"disabled","ast-hfb-above-header-display":"","ast-hfb-below-header-display":"","ast-hfb-mobile-header-display":"disabled","site-post-title":"disabled","ast-breadcrumbs-content":"disabled","ast-featured-img":"disabled","footer-sml-layout":"disabled","ast-disable-related-posts":"","theme-transparent-header-meta":"disabled","adv-header-id-meta":"","stick-header-meta":"","header-above-stick-meta":"","header-main-stick-meta":"","header-below-stick-meta":"","astra-migrate-meta-layouts":"default","ast-page-background-enabled":"default","ast-page-background-meta":{"desktop":{"background-color":"var(--ast-global-color-4)","background-image":"","background-repeat":"repeat","background-position":"center center","background-size":"auto","background-attachment":"scroll","background-type":"","background-media":"","overlay-type":"","overlay-color":"","overlay-opacity":"","overlay-gradient":""},"tablet":{"background-color":"","background-image":"","background-repeat":"repeat","background-position":"center center","background-size":"auto","background-attachment":"scroll","background-type":"","background-media":"","overlay-type":"","overlay-color":"","overlay-opacity":"","overlay-gradient":""},"mobile":{"background-color":"","background-image":"","background-repeat":"repeat","background-position":"center center","background-size":"auto","background-attachment":"scroll","background-type":"","background-media":"","overlay-type":"","overlay-color":"","overlay-opacity":"","overlay-gradient":""}},"ast-content-background-meta":{"desktop":{"background-color":"var(--ast-global-color-5)","background-image":"","background-repeat":"repeat","background-position":"center center","background-size":"auto","background-attachment":"scroll","background-type":"","background-media":"","overlay-type":"","overlay-color":"","overlay-opacity":"","overlay-gradient":""},"tablet":{"background-color":"var(--ast-global-color-5)","background-image":"","background-repeat":"repeat","background-position":"center center","background-size":"auto","background-attachment":"scroll","background-type":"","background-media":"","overlay-type":"","overlay-color":"","overlay-opacity":"","overlay-gradient":""},"mobile":{"background-color":"var(--ast-global-color-5)","background-image":"","background-repeat":"repeat","background-position":"center center","background-size":"auto","background-attachment":"scroll","background-type":"","background-media":"","overlay-type":"","overlay-color":"","overlay-opacity":"","overlay-gradient":""}},"footnotes":""},"class_list":["post-54","page","type-page","status-publish","hentry"],"_links":{"self":[{"href":"https:\/\/www.szespisek.cz\/index.php\/wp-json\/wp\/v2\/pages\/54","targetHints":{"allow":["GET"]}}],"collection":[{"href":"https:\/\/www.szespisek.cz\/index.php\/wp-json\/wp\/v2\/pages"}],"about":[{"href":"https:\/\/www.szespisek.cz\/index.php\/wp-json\/wp\/v2\/types\/page"}],"author":[{"embeddable":true,"href":"https:\/\/www.szespisek.cz\/index.php\/wp-json\/wp\/v2\/users\/1"}],"replies":[{"embeddable":true,"href":"https:\/\/www.szespisek.cz\/index.php\/wp-json\/wp\/v2\/comments?post=54"}],"version-history":[{"count":19,"href":"https:\/\/www.szespisek.cz\/index.php\/wp-json\/wp\/v2\/pages\/54\/revisions"}],"predecessor-version":[{"id":864,"href":"https:\/\/www.szespisek.cz\/index.php\/wp-json\/wp\/v2\/pages\/54\/revisions\/864"}],"wp:attachment":[{"href":"https:\/\/www.szespisek.cz\/index.php\/wp-json\/wp\/v2\/media?parent=54"}],"curies":[{"name":"wp","href":"https:\/\/api.w.org\/{rel}","templated":true}]}}