{"id":56,"date":"2021-09-10T12:10:28","date_gmt":"2021-09-10T12:10:28","guid":{"rendered":"http:\/\/www.szespisek.cz\/?page_id=56"},"modified":"2025-09-01T11:06:32","modified_gmt":"2025-09-01T11:06:32","slug":"dny-otevrenych-dveri","status":"publish","type":"page","link":"https:\/\/www.szespisek.cz\/index.php\/dny-otevrenych-dveri\/","title":{"rendered":"Dny otev\u0159en\u00fdch dve\u0159\u00ed"},"content":{"rendered":"\t\t<div data-elementor-type=\"wp-page\" data-elementor-id=\"56\" class=\"elementor elementor-56\" data-elementor-post-type=\"page\">\n\t\t\t\t\t\t<section class=\"elementor-section elementor-top-section elementor-element elementor-element-2c194279 elementor-section-boxed elementor-section-height-default elementor-section-height-default\" data-id=\"2c194279\" data-element_type=\"section\">\n\t\t\t\t\t\t<div class=\"elementor-container elementor-column-gap-default\">\n\t\t\t\t\t<div class=\"elementor-column elementor-col-50 elementor-top-column elementor-element elementor-element-18d594d7\" data-id=\"18d594d7\" data-element_type=\"column\">\n\t\t\t<div class=\"elementor-widget-wrap elementor-element-populated\">\n\t\t\t\t\t\t<div class=\"elementor-element elementor-element-78b9089a elementor-widget elementor-widget-heading\" data-id=\"78b9089a\" data-element_type=\"widget\" data-widget_type=\"heading.default\">\n\t\t\t\t<div class=\"elementor-widget-container\">\n\t\t\t\t\t<h1 class=\"elementor-heading-title elementor-size-default\">Den otev\u0159en\u00fdch dve\u0159\u00ed<\/h1>\t\t\t\t<\/div>\n\t\t\t\t<\/div>\n\t\t\t\t\t<\/div>\n\t\t<\/div>\n\t\t\t\t<div class=\"elementor-column elementor-col-50 elementor-top-column elementor-element elementor-element-c20de2c elementor-hidden-tablet elementor-hidden-phone\" data-id=\"c20de2c\" data-element_type=\"column\">\n\t\t\t<div class=\"elementor-widget-wrap elementor-element-populated\">\n\t\t\t\t\t\t\t<\/div>\n\t\t<\/div>\n\t\t\t\t\t<\/div>\n\t\t<\/section>\n\t\t\t\t<section class=\"elementor-section elementor-top-section elementor-element elementor-element-124871da elementor-section-boxed elementor-section-height-default elementor-section-height-default\" data-id=\"124871da\" data-element_type=\"section\">\n\t\t\t\t\t\t<div class=\"elementor-container elementor-column-gap-default\">\n\t\t\t\t\t<div class=\"elementor-column elementor-col-100 elementor-top-column elementor-element elementor-element-2cb453a\" data-id=\"2cb453a\" data-element_type=\"column\">\n\t\t\t<div class=\"elementor-widget-wrap elementor-element-populated\">\n\t\t\t\t\t\t<div class=\"elementor-element elementor-element-78f7e4dc elementor-widget elementor-widget-text-editor\" data-id=\"78f7e4dc\" data-element_type=\"widget\" data-widget_type=\"text-editor.default\">\n\t\t\t\t<div class=\"elementor-widget-container\">\n\t\t\t\t\t\t\t\t\t<p>Dny otev\u0159en\u00fdch dve\u0159\u00ed<\/p><ul><li><strong>10.10.2025 od 8:00 do 14:00<\/strong><\/li><li><strong>20.10.2025 od 8:00\u00a0 do 15:00<\/strong><\/li><li><strong style=\"font-style: inherit; color: var( --e-global-color-secondary );\">19.1.2026 od 8:00 do 15:00 <\/strong><strong style=\"font-style: inherit; color: var( --e-global-color-secondary );\">\u00a0<\/strong><\/li><\/ul><p>Mimo ur\u010den\u00fd term\u00edn \u2013 po telefonick\u00e9 domluv\u011b kdykoliv. Tel. 382 271 256<\/p><p>Term\u00edn DOD se m\u016f\u017ee zm\u011bnit, nebo m\u016f\u017ee b\u00fdt zcela zru\u0161en. Sledujte aktuality na str\u00e1nk\u00e1ch.<\/p><p>P\u0159ij\u010fte, r\u00e1di v\u00e1s provedeme \u0161kolou i objekty \u0161koln\u00edho statku.<\/p>\t\t\t\t\t\t\t\t<\/div>\n\t\t\t\t<\/div>\n\t\t\t\t\t<\/div>\n\t\t<\/div>\n\t\t\t\t\t<\/div>\n\t\t<\/section>\n\t\t\t\t<section class=\"elementor-section elementor-top-section elementor-element elementor-element-103a73da elementor-section-boxed elementor-section-height-default elementor-section-height-default\" data-id=\"103a73da\" data-element_type=\"section\">\n\t\t\t\t\t\t<div class=\"elementor-container elementor-column-gap-default\">\n\t\t\t\t\t<div class=\"elementor-column elementor-col-100 elementor-top-column elementor-element elementor-element-6dda4d88\" data-id=\"6dda4d88\" data-element_type=\"column\">\n\t\t\t<div class=\"elementor-widget-wrap elementor-element-populated\">\n\t\t\t\t\t\t<div class=\"elementor-element elementor-element-60f83c09 elementor-widget elementor-widget-heading\" data-id=\"60f83c09\" data-element_type=\"widget\" data-widget_type=\"heading.default\">\n\t\t\t\t<div class=\"elementor-widget-container\">\n\t\t\t\t\t<h2 class=\"elementor-heading-title elementor-size-default\">Jak to u n\u00e1s vypad\u00e1?<\/h2>\t\t\t\t<\/div>\n\t\t\t\t<\/div>\n\t\t\t\t<div class=\"elementor-element elementor-element-10989a elementor-widget elementor-widget-gallery\" data-id=\"10989a\" data-element_type=\"widget\" data-settings=\"{&quot;gallery_layout&quot;:&quot;justified&quot;,&quot;lazyload&quot;:&quot;yes&quot;,&quot;ideal_row_height&quot;:{&quot;unit&quot;:&quot;px&quot;,&quot;size&quot;:200,&quot;sizes&quot;:[]},&quot;ideal_row_height_tablet&quot;:{&quot;unit&quot;:&quot;px&quot;,&quot;size&quot;:150,&quot;sizes&quot;:[]},&quot;ideal_row_height_mobile&quot;:{&quot;unit&quot;:&quot;px&quot;,&quot;size&quot;:150,&quot;sizes&quot;:[]},&quot;gap&quot;:{&quot;unit&quot;:&quot;px&quot;,&quot;size&quot;:10,&quot;sizes&quot;:[]},&quot;gap_tablet&quot;:{&quot;unit&quot;:&quot;px&quot;,&quot;size&quot;:10,&quot;sizes&quot;:[]},&quot;gap_mobile&quot;:{&quot;unit&quot;:&quot;px&quot;,&quot;size&quot;:10,&quot;sizes&quot;:[]},&quot;link_to&quot;:&quot;file&quot;,&quot;overlay_background&quot;:&quot;yes&quot;,&quot;content_hover_animation&quot;:&quot;fade-in&quot;}\" data-widget_type=\"gallery.default\">\n\t\t\t\t<div class=\"elementor-widget-container\">\n\t\t\t\t\t\t\t<div class=\"elementor-gallery__container\">\n\t\t\t\t\t\t\t<a class=\"e-gallery-item elementor-gallery-item elementor-animated-content\" href=\"https:\/\/www.szespisek.cz\/wp-content\/uploads\/2021\/09\/1-B.png\" data-elementor-open-lightbox=\"yes\" data-elementor-lightbox-slideshow=\"10989a\" data-elementor-lightbox-title=\"1-B.png\" data-e-action-hash=\"#elementor-action%3Aaction%3Dlightbox%26settings%3DeyJpZCI6MTQwLCJ1cmwiOiJodHRwczpcL1wvd3d3LnN6ZXNwaXNlay5jelwvd3AtY29udGVudFwvdXBsb2Fkc1wvMjAyMVwvMDlcLzEtQi5wbmciLCJzbGlkZXNob3ciOiIxMDk4OWEifQ%3D%3D\">\n\t\t\t\t\t<div class=\"e-gallery-image elementor-gallery-item__image\" data-thumbnail=\"https:\/\/www.szespisek.cz\/wp-content\/uploads\/2021\/09\/1-B-300x200.png\" data-width=\"300\" data-height=\"200\" aria-label=\"\" role=\"img\" ><\/div>\n\t\t\t\t\t\t\t\t\t\t\t<div class=\"elementor-gallery-item__overlay\"><\/div>\n\t\t\t\t\t\t\t\t\t\t\t\t\t\t<\/a>\n\t\t\t\t\t\t\t<a class=\"e-gallery-item elementor-gallery-item elementor-animated-content\" href=\"https:\/\/www.szespisek.cz\/wp-content\/uploads\/2021\/09\/DSC_0006.png\" data-elementor-open-lightbox=\"yes\" data-elementor-lightbox-slideshow=\"10989a\" data-elementor-lightbox-title=\"DSC_0006.png\" data-e-action-hash=\"#elementor-action%3Aaction%3Dlightbox%26settings%3DeyJpZCI6MTQxLCJ1cmwiOiJodHRwczpcL1wvd3d3LnN6ZXNwaXNlay5jelwvd3AtY29udGVudFwvdXBsb2Fkc1wvMjAyMVwvMDlcL0RTQ18wMDA2LnBuZyIsInNsaWRlc2hvdyI6IjEwOTg5YSJ9\">\n\t\t\t\t\t<div class=\"e-gallery-image elementor-gallery-item__image\" data-thumbnail=\"https:\/\/www.szespisek.cz\/wp-content\/uploads\/2021\/09\/DSC_0006-300x201.png\" data-width=\"300\" data-height=\"201\" aria-label=\"\" role=\"img\" ><\/div>\n\t\t\t\t\t\t\t\t\t\t\t<div class=\"elementor-gallery-item__overlay\"><\/div>\n\t\t\t\t\t\t\t\t\t\t\t\t\t\t<\/a>\n\t\t\t\t\t\t\t<a class=\"e-gallery-item elementor-gallery-item elementor-animated-content\" href=\"https:\/\/www.szespisek.cz\/wp-content\/uploads\/2021\/09\/DSC_0007.png\" data-elementor-open-lightbox=\"yes\" data-elementor-lightbox-slideshow=\"10989a\" data-elementor-lightbox-title=\"DSC_0007.png\" data-e-action-hash=\"#elementor-action%3Aaction%3Dlightbox%26settings%3DeyJpZCI6MTQyLCJ1cmwiOiJodHRwczpcL1wvd3d3LnN6ZXNwaXNlay5jelwvd3AtY29udGVudFwvdXBsb2Fkc1wvMjAyMVwvMDlcL0RTQ18wMDA3LnBuZyIsInNsaWRlc2hvdyI6IjEwOTg5YSJ9\">\n\t\t\t\t\t<div class=\"e-gallery-image elementor-gallery-item__image\" data-thumbnail=\"https:\/\/www.szespisek.cz\/wp-content\/uploads\/2021\/09\/DSC_0007-300x201.png\" data-width=\"300\" data-height=\"201\" aria-label=\"\" role=\"img\" ><\/div>\n\t\t\t\t\t\t\t\t\t\t\t<div class=\"elementor-gallery-item__overlay\"><\/div>\n\t\t\t\t\t\t\t\t\t\t\t\t\t\t<\/a>\n\t\t\t\t\t\t\t<a class=\"e-gallery-item elementor-gallery-item elementor-animated-content\" href=\"https:\/\/www.szespisek.cz\/wp-content\/uploads\/2021\/09\/DSC_0072.png\" data-elementor-open-lightbox=\"yes\" data-elementor-lightbox-slideshow=\"10989a\" data-elementor-lightbox-title=\"DSC_0072.png\" data-e-action-hash=\"#elementor-action%3Aaction%3Dlightbox%26settings%3DeyJpZCI6MTQzLCJ1cmwiOiJodHRwczpcL1wvd3d3LnN6ZXNwaXNlay5jelwvd3AtY29udGVudFwvdXBsb2Fkc1wvMjAyMVwvMDlcL0RTQ18wMDcyLnBuZyIsInNsaWRlc2hvdyI6IjEwOTg5YSJ9\">\n\t\t\t\t\t<div class=\"e-gallery-image elementor-gallery-item__image\" data-thumbnail=\"https:\/\/www.szespisek.cz\/wp-content\/uploads\/2021\/09\/DSC_0072-300x201.png\" data-width=\"300\" data-height=\"201\" aria-label=\"\" role=\"img\" ><\/div>\n\t\t\t\t\t\t\t\t\t\t\t<div class=\"elementor-gallery-item__overlay\"><\/div>\n\t\t\t\t\t\t\t\t\t\t\t\t\t\t<\/a>\n\t\t\t\t\t\t\t<a class=\"e-gallery-item elementor-gallery-item elementor-animated-content\" href=\"https:\/\/www.szespisek.cz\/wp-content\/uploads\/2021\/09\/DSC_0274.png\" data-elementor-open-lightbox=\"yes\" data-elementor-lightbox-slideshow=\"10989a\" data-elementor-lightbox-title=\"DSC_0274.png\" data-e-action-hash=\"#elementor-action%3Aaction%3Dlightbox%26settings%3DeyJpZCI6MTQ0LCJ1cmwiOiJodHRwczpcL1wvd3d3LnN6ZXNwaXNlay5jelwvd3AtY29udGVudFwvdXBsb2Fkc1wvMjAyMVwvMDlcL0RTQ18wMjc0LnBuZyIsInNsaWRlc2hvdyI6IjEwOTg5YSJ9\">\n\t\t\t\t\t<div class=\"e-gallery-image elementor-gallery-item__image\" data-thumbnail=\"https:\/\/www.szespisek.cz\/wp-content\/uploads\/2021\/09\/DSC_0274-300x200.png\" data-width=\"300\" data-height=\"200\" aria-label=\"\" role=\"img\" ><\/div>\n\t\t\t\t\t\t\t\t\t\t\t<div class=\"elementor-gallery-item__overlay\"><\/div>\n\t\t\t\t\t\t\t\t\t\t\t\t\t\t<\/a>\n\t\t\t\t\t\t\t<a class=\"e-gallery-item elementor-gallery-item elementor-animated-content\" href=\"https:\/\/www.szespisek.cz\/wp-content\/uploads\/2021\/09\/16.png\" data-elementor-open-lightbox=\"yes\" data-elementor-lightbox-slideshow=\"10989a\" data-elementor-lightbox-title=\"16.png\" data-e-action-hash=\"#elementor-action%3Aaction%3Dlightbox%26settings%3DeyJpZCI6MTQ1LCJ1cmwiOiJodHRwczpcL1wvd3d3LnN6ZXNwaXNlay5jelwvd3AtY29udGVudFwvdXBsb2Fkc1wvMjAyMVwvMDlcLzE2LnBuZyIsInNsaWRlc2hvdyI6IjEwOTg5YSJ9\">\n\t\t\t\t\t<div class=\"e-gallery-image elementor-gallery-item__image\" data-thumbnail=\"https:\/\/www.szespisek.cz\/wp-content\/uploads\/2021\/09\/16-225x300.png\" data-width=\"225\" data-height=\"300\" aria-label=\"\" role=\"img\" ><\/div>\n\t\t\t\t\t\t\t\t\t\t\t<div class=\"elementor-gallery-item__overlay\"><\/div>\n\t\t\t\t\t\t\t\t\t\t\t\t\t\t<\/a>\n\t\t\t\t\t\t\t<a class=\"e-gallery-item elementor-gallery-item elementor-animated-content\" href=\"https:\/\/www.szespisek.cz\/wp-content\/uploads\/2021\/09\/100_4301.jpg\" data-elementor-open-lightbox=\"yes\" data-elementor-lightbox-slideshow=\"10989a\" data-elementor-lightbox-title=\"100_4301.jpg\" data-e-action-hash=\"#elementor-action%3Aaction%3Dlightbox%26settings%3DeyJpZCI6MTQ2LCJ1cmwiOiJodHRwczpcL1wvd3d3LnN6ZXNwaXNlay5jelwvd3AtY29udGVudFwvdXBsb2Fkc1wvMjAyMVwvMDlcLzEwMF80MzAxLmpwZyIsInNsaWRlc2hvdyI6IjEwOTg5YSJ9\">\n\t\t\t\t\t<div class=\"e-gallery-image elementor-gallery-item__image\" data-thumbnail=\"https:\/\/www.szespisek.cz\/wp-content\/uploads\/2021\/09\/100_4301-300x225.jpg\" data-width=\"300\" data-height=\"225\" aria-label=\"\" role=\"img\" ><\/div>\n\t\t\t\t\t\t\t\t\t\t\t<div class=\"elementor-gallery-item__overlay\"><\/div>\n\t\t\t\t\t\t\t\t\t\t\t\t\t\t<\/a>\n\t\t\t\t\t\t\t<a class=\"e-gallery-item elementor-gallery-item elementor-animated-content\" href=\"https:\/\/www.szespisek.cz\/wp-content\/uploads\/2021\/09\/100_4332.jpg\" data-elementor-open-lightbox=\"yes\" data-elementor-lightbox-slideshow=\"10989a\" data-elementor-lightbox-title=\"100_4332.jpg\" data-e-action-hash=\"#elementor-action%3Aaction%3Dlightbox%26settings%3DeyJpZCI6MTQ3LCJ1cmwiOiJodHRwczpcL1wvd3d3LnN6ZXNwaXNlay5jelwvd3AtY29udGVudFwvdXBsb2Fkc1wvMjAyMVwvMDlcLzEwMF80MzMyLmpwZyIsInNsaWRlc2hvdyI6IjEwOTg5YSJ9\">\n\t\t\t\t\t<div class=\"e-gallery-image elementor-gallery-item__image\" data-thumbnail=\"https:\/\/www.szespisek.cz\/wp-content\/uploads\/2021\/09\/100_4332-300x225.jpg\" data-width=\"300\" data-height=\"225\" aria-label=\"\" role=\"img\" ><\/div>\n\t\t\t\t\t\t\t\t\t\t\t<div class=\"elementor-gallery-item__overlay\"><\/div>\n\t\t\t\t\t\t\t\t\t\t\t\t\t\t<\/a>\n\t\t\t\t\t\t\t<a class=\"e-gallery-item elementor-gallery-item elementor-animated-content\" href=\"https:\/\/www.szespisek.cz\/wp-content\/uploads\/2021\/09\/5-vozidla_AS-scaled-1.jpg\" data-elementor-open-lightbox=\"yes\" data-elementor-lightbox-slideshow=\"10989a\" data-elementor-lightbox-title=\"5-vozidla_AS-scaled.jpg\" data-e-action-hash=\"#elementor-action%3Aaction%3Dlightbox%26settings%3DeyJpZCI6MTQ4LCJ1cmwiOiJodHRwczpcL1wvd3d3LnN6ZXNwaXNlay5jelwvd3AtY29udGVudFwvdXBsb2Fkc1wvMjAyMVwvMDlcLzUtdm96aWRsYV9BUy1zY2FsZWQtMS5qcGciLCJzbGlkZXNob3ciOiIxMDk4OWEifQ%3D%3D\">\n\t\t\t\t\t<div class=\"e-gallery-image elementor-gallery-item__image\" data-thumbnail=\"https:\/\/www.szespisek.cz\/wp-content\/uploads\/2021\/09\/5-vozidla_AS-scaled-1-300x201.jpg\" data-width=\"300\" data-height=\"201\" aria-label=\"\" role=\"img\" ><\/div>\n\t\t\t\t\t\t\t\t\t\t\t<div class=\"elementor-gallery-item__overlay\"><\/div>\n\t\t\t\t\t\t\t\t\t\t\t\t\t\t<\/a>\n\t\t\t\t\t<\/div>\n\t\t\t\t\t<\/div>\n\t\t\t\t<\/div>\n\t\t\t\t\t<\/div>\n\t\t<\/div>\n\t\t\t\t\t<\/div>\n\t\t<\/section>\n\t\t\t\t<section class=\"elementor-section elementor-top-section elementor-element elementor-element-12651727 elementor-section-boxed elementor-section-height-default elementor-section-height-default\" data-id=\"12651727\" data-element_type=\"section\">\n\t\t\t\t\t\t<div class=\"elementor-container elementor-column-gap-default\">\n\t\t\t\t\t<div class=\"elementor-column elementor-col-100 elementor-top-column elementor-element elementor-element-44fb6edd\" data-id=\"44fb6edd\" data-element_type=\"column\">\n\t\t\t<div class=\"elementor-widget-wrap elementor-element-populated\">\n\t\t\t\t\t\t<div class=\"elementor-element elementor-element-731f1924 elementor-widget elementor-widget-heading\" data-id=\"731f1924\" data-element_type=\"widget\" data-widget_type=\"heading.default\">\n\t\t\t\t<div class=\"elementor-widget-container\">\n\t\t\t\t\t<h2 class=\"elementor-heading-title elementor-size-default\">Napi\u0161te si o individu\u00e1ln\u00ed prohl\u00eddku<\/h2>\t\t\t\t<\/div>\n\t\t\t\t<\/div>\n\t\t\t\t<section class=\"elementor-section elementor-inner-section elementor-element elementor-element-5b8e21f4 elementor-section-boxed elementor-section-height-default elementor-section-height-default\" data-id=\"5b8e21f4\" data-element_type=\"section\">\n\t\t\t\t\t\t<div class=\"elementor-container elementor-column-gap-default\">\n\t\t\t\t\t<div class=\"elementor-column elementor-col-33 elementor-inner-column elementor-element elementor-element-509e1716\" data-id=\"509e1716\" data-element_type=\"column\">\n\t\t\t<div class=\"elementor-widget-wrap elementor-element-populated\">\n\t\t\t\t\t\t<div class=\"elementor-element elementor-element-46e69139 elementor-widget elementor-widget-heading\" data-id=\"46e69139\" data-element_type=\"widget\" data-widget_type=\"heading.default\">\n\t\t\t\t<div class=\"elementor-widget-container\">\n\t\t\t\t\t<h1 class=\"elementor-heading-title elementor-size-default\">\u0158editelka \u0161koly<\/h1>\t\t\t\t<\/div>\n\t\t\t\t<\/div>\n\t\t\t\t<div class=\"elementor-element elementor-element-617ffd81 elementor-widget elementor-widget-heading\" data-id=\"617ffd81\" data-element_type=\"widget\" data-widget_type=\"heading.default\">\n\t\t\t\t<div class=\"elementor-widget-container\">\n\t\t\t\t\t<h2 class=\"elementor-heading-title elementor-size-default\">Ing. Marie Proch\u00e1zkov\u00e1<\/h2>\t\t\t\t<\/div>\n\t\t\t\t<\/div>\n\t\t\t\t<div class=\"elementor-element elementor-element-67b38d8d elementor-icon-list--layout-traditional elementor-list-item-link-full_width elementor-widget elementor-widget-icon-list\" data-id=\"67b38d8d\" data-element_type=\"widget\" data-widget_type=\"icon-list.default\">\n\t\t\t\t<div class=\"elementor-widget-container\">\n\t\t\t\t\t\t\t<ul class=\"elementor-icon-list-items\">\n\t\t\t\t\t\t\t<li class=\"elementor-icon-list-item\">\n\t\t\t\t\t\t\t\t\t\t\t<span class=\"elementor-icon-list-icon\">\n\t\t\t\t\t\t\t<i aria-hidden=\"true\" class=\"fas fa-phone\"><\/i>\t\t\t\t\t\t<\/span>\n\t\t\t\t\t\t\t\t\t\t<span class=\"elementor-icon-list-text\">382 271 256<\/span>\n\t\t\t\t\t\t\t\t\t<\/li>\n\t\t\t\t\t\t\t\t<li class=\"elementor-icon-list-item\">\n\t\t\t\t\t\t\t\t\t\t\t<span class=\"elementor-icon-list-icon\">\n\t\t\t\t\t\t\t<i aria-hidden=\"true\" class=\"far fa-envelope\"><\/i>\t\t\t\t\t\t<\/span>\n\t\t\t\t\t\t\t\t\t\t<span class=\"elementor-icon-list-text\">skola@szespisek.cz<\/span>\n\t\t\t\t\t\t\t\t\t<\/li>\n\t\t\t\t\t\t<\/ul>\n\t\t\t\t\t\t<\/div>\n\t\t\t\t<\/div>\n\t\t\t\t\t<\/div>\n\t\t<\/div>\n\t\t\t\t<div class=\"elementor-column elementor-col-33 elementor-inner-column elementor-element elementor-element-7578e81f\" data-id=\"7578e81f\" data-element_type=\"column\">\n\t\t\t<div class=\"elementor-widget-wrap\">\n\t\t\t\t\t\t\t<\/div>\n\t\t<\/div>\n\t\t\t\t<div class=\"elementor-column elementor-col-33 elementor-inner-column elementor-element elementor-element-7c8dfc63\" data-id=\"7c8dfc63\" data-element_type=\"column\">\n\t\t\t<div class=\"elementor-widget-wrap elementor-element-populated\">\n\t\t\t\t\t\t<div class=\"elementor-element elementor-element-74976d29 elementor-widget elementor-widget-google_maps\" data-id=\"74976d29\" data-element_type=\"widget\" data-widget_type=\"google_maps.default\">\n\t\t\t\t<div class=\"elementor-widget-container\">\n\t\t\t\t\t\t\t<div class=\"elementor-custom-embed\">\n\t\t\t<iframe loading=\"lazy\"\n\t\t\t\t\tsrc=\"https:\/\/maps.google.com\/maps?q=%C4%8Celakovsk%C3%A9ho%20200%20p%C3%ADsek&#038;t=m&#038;z=10&#038;output=embed&#038;iwloc=near\"\n\t\t\t\t\ttitle=\"\u010celakovsk\u00e9ho 200 p\u00edsek\"\n\t\t\t\t\taria-label=\"\u010celakovsk\u00e9ho 200 p\u00edsek\"\n\t\t\t><\/iframe>\n\t\t<\/div>\n\t\t\t\t\t\t<\/div>\n\t\t\t\t<\/div>\n\t\t\t\t\t<\/div>\n\t\t<\/div>\n\t\t\t\t\t<\/div>\n\t\t<\/section>\n\t\t\t\t\t<\/div>\n\t\t<\/div>\n\t\t\t\t\t<\/div>\n\t\t<\/section>\n\t\t\t\t<\/div>\n\t\t","protected":false},"excerpt":{"rendered":"<p>Den otev\u0159en\u00fdch dve\u0159\u00ed Dny otev\u0159en\u00fdch dve\u0159\u00ed 10.10.2025 od 8:00 do 14:00 20.10.2025 od 8:00\u00a0 do 15:00 19.1.2026 od 8:00 do 15:00 \u00a0 Mimo ur\u010den\u00fd term\u00edn \u2013 po telefonick\u00e9 domluv\u011b kdykoliv. Tel. 382 271 256 Term\u00edn DOD se m\u016f\u017ee zm\u011bnit, nebo m\u016f\u017ee b\u00fdt zcela zru\u0161en. Sledujte aktuality na str\u00e1nk\u00e1ch. P\u0159ij\u010fte, r\u00e1di v\u00e1s provedeme \u0161kolou i objekty [&hellip;]<\/p>\n","protected":false},"author":1,"featured_media":0,"parent":0,"menu_order":0,"comment_status":"closed","ping_status":"closed","template":"","meta":{"site-sidebar-layout":"no-sidebar","site-content-layout":"page-builder","ast-site-content-layout":"default","site-content-style":"default","site-sidebar-style":"default","ast-global-header-display":"","ast-banner-title-visibility":"","ast-main-header-display":"disabled","ast-hfb-above-header-display":"","ast-hfb-below-header-display":"","ast-hfb-mobile-header-display":"disabled","site-post-title":"disabled","ast-breadcrumbs-content":"disabled","ast-featured-img":"disabled","footer-sml-layout":"disabled","ast-disable-related-posts":"","theme-transparent-header-meta":"disabled","adv-header-id-meta":"","stick-header-meta":"","header-above-stick-meta":"","header-main-stick-meta":"","header-below-stick-meta":"","astra-migrate-meta-layouts":"default","ast-page-background-enabled":"default","ast-page-background-meta":{"desktop":{"background-color":"var(--ast-global-color-4)","background-image":"","background-repeat":"repeat","background-position":"center center","background-size":"auto","background-attachment":"scroll","background-type":"","background-media":"","overlay-type":"","overlay-color":"","overlay-opacity":"","overlay-gradient":""},"tablet":{"background-color":"","background-image":"","background-repeat":"repeat","background-position":"center center","background-size":"auto","background-attachment":"scroll","background-type":"","background-media":"","overlay-type":"","overlay-color":"","overlay-opacity":"","overlay-gradient":""},"mobile":{"background-color":"","background-image":"","background-repeat":"repeat","background-position":"center center","background-size":"auto","background-attachment":"scroll","background-type":"","background-media":"","overlay-type":"","overlay-color":"","overlay-opacity":"","overlay-gradient":""}},"ast-content-background-meta":{"desktop":{"background-color":"var(--ast-global-color-5)","background-image":"","background-repeat":"repeat","background-position":"center center","background-size":"auto","background-attachment":"scroll","background-type":"","background-media":"","overlay-type":"","overlay-color":"","overlay-opacity":"","overlay-gradient":""},"tablet":{"background-color":"var(--ast-global-color-5)","background-image":"","background-repeat":"repeat","background-position":"center center","background-size":"auto","background-attachment":"scroll","background-type":"","background-media":"","overlay-type":"","overlay-color":"","overlay-opacity":"","overlay-gradient":""},"mobile":{"background-color":"var(--ast-global-color-5)","background-image":"","background-repeat":"repeat","background-position":"center center","background-size":"auto","background-attachment":"scroll","background-type":"","background-media":"","overlay-type":"","overlay-color":"","overlay-opacity":"","overlay-gradient":""}},"footnotes":""},"class_list":["post-56","page","type-page","status-publish","hentry"],"_links":{"self":[{"href":"https:\/\/www.szespisek.cz\/index.php\/wp-json\/wp\/v2\/pages\/56","targetHints":{"allow":["GET"]}}],"collection":[{"href":"https:\/\/www.szespisek.cz\/index.php\/wp-json\/wp\/v2\/pages"}],"about":[{"href":"https:\/\/www.szespisek.cz\/index.php\/wp-json\/wp\/v2\/types\/page"}],"author":[{"embeddable":true,"href":"https:\/\/www.szespisek.cz\/index.php\/wp-json\/wp\/v2\/users\/1"}],"replies":[{"embeddable":true,"href":"https:\/\/www.szespisek.cz\/index.php\/wp-json\/wp\/v2\/comments?post=56"}],"version-history":[{"count":43,"href":"https:\/\/www.szespisek.cz\/index.php\/wp-json\/wp\/v2\/pages\/56\/revisions"}],"predecessor-version":[{"id":1796,"href":"https:\/\/www.szespisek.cz\/index.php\/wp-json\/wp\/v2\/pages\/56\/revisions\/1796"}],"wp:attachment":[{"href":"https:\/\/www.szespisek.cz\/index.php\/wp-json\/wp\/v2\/media?parent=56"}],"curies":[{"name":"wp","href":"https:\/\/api.w.org\/{rel}","templated":true}]}}