{"id":9,"date":"2021-09-10T11:49:34","date_gmt":"2021-09-10T11:49:34","guid":{"rendered":"http:\/\/www.szespisek.cz\/?page_id=9"},"modified":"2025-06-03T09:54:50","modified_gmt":"2025-06-03T09:54:50","slug":"szes-pisek","status":"publish","type":"page","link":"https:\/\/www.szespisek.cz\/","title":{"rendered":"SZES P\u00edsek"},"content":{"rendered":"\t\t<div data-elementor-type=\"wp-page\" data-elementor-id=\"9\" class=\"elementor elementor-9\" data-elementor-post-type=\"page\">\n\t\t\t\t\t\t<section class=\"elementor-section elementor-top-section elementor-element elementor-element-d12bee9 elementor-section-full_width elementor-section-height-min-height elementor-section-height-default elementor-section-items-middle\" data-id=\"d12bee9\" data-element_type=\"section\" data-settings=\"{&quot;background_background&quot;:&quot;slideshow&quot;,&quot;background_slideshow_gallery&quot;:[{&quot;id&quot;:11,&quot;url&quot;:&quot;https:\\\/\\\/www.szespisek.cz\\\/wp-content\\\/uploads\\\/2021\\\/09\\\/traktor.png&quot;},{&quot;id&quot;:12,&quot;url&quot;:&quot;https:\\\/\\\/www.szespisek.cz\\\/wp-content\\\/uploads\\\/2021\\\/09\\\/kone-na-skolnim-statku-3-scaled-1.jpg&quot;},{&quot;id&quot;:13,&quot;url&quot;:&quot;https:\\\/\\\/www.szespisek.cz\\\/wp-content\\\/uploads\\\/2021\\\/09\\\/budova.png&quot;},{&quot;id&quot;:14,&quot;url&quot;:&quot;https:\\\/\\\/www.szespisek.cz\\\/wp-content\\\/uploads\\\/2021\\\/09\\\/skolni-statek-SZeS-Pisek-3-scaled-1.jpg&quot;},{&quot;id&quot;:15,&quot;url&quot;:&quot;https:\\\/\\\/www.szespisek.cz\\\/wp-content\\\/uploads\\\/2021\\\/09\\\/kralik-2.png&quot;}],&quot;background_slideshow_slide_duration&quot;:4000,&quot;background_slideshow_loop&quot;:&quot;yes&quot;,&quot;background_slideshow_slide_transition&quot;:&quot;fade&quot;,&quot;background_slideshow_transition_duration&quot;:500}\">\n\t\t\t\t\t\t<div class=\"elementor-container elementor-column-gap-default\">\n\t\t\t\t\t<div class=\"elementor-column elementor-col-100 elementor-top-column elementor-element elementor-element-6f025310\" data-id=\"6f025310\" data-element_type=\"column\">\n\t\t\t<div class=\"elementor-widget-wrap elementor-element-populated\">\n\t\t\t\t\t\t<div class=\"elementor-element elementor-element-6a5403b1 elementor-widget elementor-widget-heading\" data-id=\"6a5403b1\" data-element_type=\"widget\" data-widget_type=\"heading.default\">\n\t\t\t\t<div class=\"elementor-widget-container\">\n\t\t\t\t\t<h1 class=\"elementor-heading-title elementor-size-default\">St\u0159edn\u00ed zem\u011bd\u011blsk\u00e1 \u0161kola<\/h1>\t\t\t\t<\/div>\n\t\t\t\t<\/div>\n\t\t\t\t\t<\/div>\n\t\t<\/div>\n\t\t\t\t\t<\/div>\n\t\t<\/section>\n\t\t\t\t<section class=\"elementor-section elementor-top-section elementor-element elementor-element-6cf8d574 elementor-section-boxed elementor-section-height-default elementor-section-height-default\" data-id=\"6cf8d574\" data-element_type=\"section\">\n\t\t\t\t\t\t<div class=\"elementor-container elementor-column-gap-default\">\n\t\t\t\t\t<div class=\"elementor-column elementor-col-100 elementor-top-column elementor-element elementor-element-5f7078db\" data-id=\"5f7078db\" data-element_type=\"column\">\n\t\t\t<div class=\"elementor-widget-wrap elementor-element-populated\">\n\t\t\t\t\t\t<div class=\"elementor-element elementor-element-38ae41de elementor-widget elementor-widget-heading\" data-id=\"38ae41de\" data-element_type=\"widget\" data-widget_type=\"heading.default\">\n\t\t\t\t<div class=\"elementor-widget-container\">\n\t\t\t\t\t<h1 class=\"elementor-heading-title elementor-size-default\"><a href=\"https:\/\/www.szespisek.cz\/index.php\/aktuality\/\">Aktuality<\/a><\/h1>\t\t\t\t<\/div>\n\t\t\t\t<\/div>\n\t\t\t\t<div class=\"elementor-element elementor-element-2298e1c4 elementor-posts--align-left elementor-posts--thumbnail-none elementor-grid-3 elementor-grid-tablet-2 elementor-grid-mobile-1 elementor-widget elementor-widget-posts\" data-id=\"2298e1c4\" data-element_type=\"widget\" data-settings=\"{&quot;classic_columns&quot;:&quot;3&quot;,&quot;classic_columns_tablet&quot;:&quot;2&quot;,&quot;classic_columns_mobile&quot;:&quot;1&quot;,&quot;classic_row_gap&quot;:{&quot;unit&quot;:&quot;px&quot;,&quot;size&quot;:35,&quot;sizes&quot;:[]},&quot;classic_row_gap_tablet&quot;:{&quot;unit&quot;:&quot;px&quot;,&quot;size&quot;:&quot;&quot;,&quot;sizes&quot;:[]},&quot;classic_row_gap_mobile&quot;:{&quot;unit&quot;:&quot;px&quot;,&quot;size&quot;:&quot;&quot;,&quot;sizes&quot;:[]}}\" data-widget_type=\"posts.classic\">\n\t\t\t\t<div class=\"elementor-widget-container\">\n\t\t\t\t\t\t\t<div class=\"elementor-posts-container elementor-posts elementor-posts--skin-classic elementor-grid\">\n\t\t\t\t<article class=\"elementor-post elementor-grid-item post-1979 post type-post status-publish format-standard hentry category-ostatni\">\n\t\t\t\t<div class=\"elementor-post__text\">\n\t\t\t\t<h3 class=\"elementor-post__title\">\n\t\t\t<a href=\"https:\/\/www.szespisek.cz\/index.php\/2026\/04\/09\/tomas-matas-nejlepsi-v-republice\/\" >\n\t\t\t\tTom\u00e1\u0161 Matas nejlep\u0161\u00ed v\u00a0republice!\t\t\t<\/a>\n\t\t<\/h3>\n\t\t\t\t<div class=\"elementor-post__meta-data\">\n\t\t\t\t\t<span class=\"elementor-post-author\">\n\t\t\tJaroslav Wailguny\t\t<\/span>\n\t\t\t\t<span class=\"elementor-post-date\">\n\t\t\t9. dubna 2026\t\t<\/span>\n\t\t\t\t<\/div>\n\t\t\t\t<div class=\"elementor-post__excerpt\">\n\t\t\t<p>V&nbsp;minul\u00fdch dnech se v&nbsp;bene\u0161ovsk\u00e9 zem\u011bd\u011blsk\u00e9 \u0161kole konal ji\u017e 26. ro\u010dn\u00edk sout\u011b\u017ee student\u016f st\u0159edn\u00edch zem\u011bd\u011blsk\u00fdch \u0161kol z&nbsp;cel\u00e9 republiky. Sjeli se budouc\u00ed<\/p>\n\t\t<\/div>\n\t\t\t\t<\/div>\n\t\t\t\t<\/article>\n\t\t\t\t<article class=\"elementor-post elementor-grid-item post-1973 post type-post status-publish format-standard hentry category-exkurze\">\n\t\t\t\t<div class=\"elementor-post__text\">\n\t\t\t\t<h3 class=\"elementor-post__title\">\n\t\t\t<a href=\"https:\/\/www.szespisek.cz\/index.php\/2026\/04\/09\/erasmus-pszczyna\/\" >\n\t\t\t\tErasmus+ Pszczyna\t\t\t<\/a>\n\t\t<\/h3>\n\t\t\t\t<div class=\"elementor-post__meta-data\">\n\t\t\t\t\t<span class=\"elementor-post-author\">\n\t\t\tJaroslav Wailguny\t\t<\/span>\n\t\t\t\t<span class=\"elementor-post-date\">\n\t\t\t9. dubna 2026\t\t<\/span>\n\t\t\t\t<\/div>\n\t\t\t\t<div class=\"elementor-post__excerpt\">\n\t\t\t<p>8.3.2026 vyrazili \u017e\u00e1ci druh\u00fdch a t\u0159et\u00edch ro\u010dn\u00edk\u016f p\u00edseck\u00e9 zem\u011bd\u011blky na 2t\u00fddenn\u00ed pracovn\u00ed st\u00e1\u017e do polsk\u00e9 Pszczyny v&nbsp;r\u00e1mci programu Erasmus+. Vyzkou\u0161eli<\/p>\n\t\t<\/div>\n\t\t\t\t<\/div>\n\t\t\t\t<\/article>\n\t\t\t\t<article class=\"elementor-post elementor-grid-item post-1923 post type-post status-publish format-standard hentry category-exkurze\">\n\t\t\t\t<div class=\"elementor-post__text\">\n\t\t\t\t<h3 class=\"elementor-post__title\">\n\t\t\t<a href=\"https:\/\/www.szespisek.cz\/index.php\/2026\/03\/26\/exkurze-do-ps-parlamentu-cr-2\/\" >\n\t\t\t\tExkurze do PS Parlamentu \u010cR.\t\t\t<\/a>\n\t\t<\/h3>\n\t\t\t\t<div class=\"elementor-post__meta-data\">\n\t\t\t\t\t<span class=\"elementor-post-author\">\n\t\t\tJaroslav Wailguny\t\t<\/span>\n\t\t\t\t<span class=\"elementor-post-date\">\n\t\t\t26. b\u0159ezna 2026\t\t<\/span>\n\t\t\t\t<\/div>\n\t\t\t\t<div class=\"elementor-post__excerpt\">\n\t\t\t<p>Ve st\u0159edu 4.3. 2026 se uskute\u010dnila exkurze vybran\u00e9 skupiny student\u016f \u0161koly do prostor PS Parlamentu \u010cR v&nbsp;Praze. Studenti m\u011bli mo\u017enost<\/p>\n\t\t<\/div>\n\t\t\t\t<\/div>\n\t\t\t\t<\/article>\n\t\t\t\t<\/div>\n\t\t\n\t\t\t\t\t\t<\/div>\n\t\t\t\t<\/div>\n\t\t\t\t\t<\/div>\n\t\t<\/div>\n\t\t\t\t\t<\/div>\n\t\t<\/section>\n\t\t\t\t<section class=\"elementor-section elementor-top-section elementor-element elementor-element-1e90cfe0 elementor-section-boxed elementor-section-height-default elementor-section-height-default\" data-id=\"1e90cfe0\" data-element_type=\"section\">\n\t\t\t\t\t\t<div class=\"elementor-container elementor-column-gap-default\">\n\t\t\t\t\t<div class=\"elementor-column elementor-col-100 elementor-top-column elementor-element elementor-element-3972acae\" data-id=\"3972acae\" data-element_type=\"column\">\n\t\t\t<div class=\"elementor-widget-wrap elementor-element-populated\">\n\t\t\t\t\t\t<div class=\"elementor-element elementor-element-1135d711 elementor-widget elementor-widget-heading\" data-id=\"1135d711\" data-element_type=\"widget\" data-widget_type=\"heading.default\">\n\t\t\t\t<div class=\"elementor-widget-container\">\n\t\t\t\t\t<h1 class=\"elementor-heading-title elementor-size-default\">Jak to u n\u00e1s vypad\u00e1?<\/h1>\t\t\t\t<\/div>\n\t\t\t\t<\/div>\n\t\t\t\t<div class=\"elementor-element elementor-element-7cf73a0f elementor-widget elementor-widget-video\" data-id=\"7cf73a0f\" data-element_type=\"widget\" data-settings=\"{&quot;youtube_url&quot;:&quot;https:\\\/\\\/www.youtube.com\\\/watch?v=NTt6pErp5ls&quot;,&quot;video_type&quot;:&quot;youtube&quot;,&quot;controls&quot;:&quot;yes&quot;}\" data-widget_type=\"video.default\">\n\t\t\t\t<div class=\"elementor-widget-container\">\n\t\t\t\t\t\t\t<div class=\"elementor-wrapper elementor-open-inline\">\n\t\t\t<div class=\"elementor-video\"><\/div>\t\t<\/div>\n\t\t\t\t\t\t<\/div>\n\t\t\t\t<\/div>\n\t\t\t\t<div class=\"elementor-element elementor-element-4a2e4f01 elementor-widget elementor-widget-heading\" data-id=\"4a2e4f01\" data-element_type=\"widget\" data-widget_type=\"heading.default\">\n\t\t\t\t<div class=\"elementor-widget-container\">\n\t\t\t\t\t<h1 class=\"elementor-heading-title elementor-size-default\">Studijn\u00ed obory<\/h1>\t\t\t\t<\/div>\n\t\t\t\t<\/div>\n\t\t\t\t<section class=\"elementor-section elementor-inner-section elementor-element elementor-element-69a07fa1 elementor-section-boxed elementor-section-height-default elementor-section-height-default\" data-id=\"69a07fa1\" data-element_type=\"section\">\n\t\t\t\t\t\t<div class=\"elementor-container elementor-column-gap-default\">\n\t\t\t\t\t<div class=\"elementor-column elementor-col-50 elementor-inner-column elementor-element elementor-element-556a7be4\" data-id=\"556a7be4\" data-element_type=\"column\">\n\t\t\t<div class=\"elementor-widget-wrap elementor-element-populated\">\n\t\t\t\t\t\t<div class=\"elementor-element elementor-element-1eaff7b elementor-widget elementor-widget-heading\" data-id=\"1eaff7b\" data-element_type=\"widget\" data-widget_type=\"heading.default\">\n\t\t\t\t<div class=\"elementor-widget-container\">\n\t\t\t\t\t<h2 class=\"elementor-heading-title elementor-size-default\">Agropodnik\u00e1n\u00ed<\/h2>\t\t\t\t<\/div>\n\t\t\t\t<\/div>\n\t\t\t\t<div class=\"elementor-element elementor-element-7dc324fe elementor-widget elementor-widget-text-editor\" data-id=\"7dc324fe\" data-element_type=\"widget\" data-widget_type=\"text-editor.default\">\n\t\t\t\t<div class=\"elementor-widget-container\">\n\t\t\t\t\t\t\t\t\t<p>Na po\u010d\u00e1tku studia oboru je nosn\u00fdm p\u0159edm\u011btem biologie. Krom\u011b v\u00fduky teorie prob\u00edh\u00e1 i \u0159ada praktick\u00fdch cvi\u010den\u00ed s vyu\u017eit\u00edm mikroskop\u016f v modern\u011b vybaven\u00e9 laborato\u0159i biologie. Nem\u00e9n\u011b v\u00fdznamn\u00fdm p\u0159edm\u011btem je chemie. Tak\u00e9 zde je teoretick\u00e1 v\u00fduka dopln\u011bn\u00e1 \u0159adou praktick\u00fdch cvi\u010den\u00ed v modern\u011b vybaven\u00e9 laborato\u0159i chemie.<\/p>\t\t\t\t\t\t\t\t<\/div>\n\t\t\t\t<\/div>\n\t\t\t\t<div class=\"elementor-element elementor-element-35136e06 elementor-widget elementor-widget-image\" data-id=\"35136e06\" data-element_type=\"widget\" data-widget_type=\"image.default\">\n\t\t\t\t<div class=\"elementor-widget-container\">\n\t\t\t\t\t\t\t\t\t\t\t\t\t\t\t<img fetchpriority=\"high\" decoding=\"async\" width=\"1200\" height=\"600\" src=\"https:\/\/www.szespisek.cz\/wp-content\/uploads\/2021\/09\/kravy.png\" class=\"attachment-full size-full wp-image-17\" alt=\"\" srcset=\"https:\/\/www.szespisek.cz\/wp-content\/uploads\/2021\/09\/kravy.png 1200w, https:\/\/www.szespisek.cz\/wp-content\/uploads\/2021\/09\/kravy-300x150.png 300w, https:\/\/www.szespisek.cz\/wp-content\/uploads\/2021\/09\/kravy-1024x512.png 1024w, https:\/\/www.szespisek.cz\/wp-content\/uploads\/2021\/09\/kravy-768x384.png 768w\" sizes=\"(max-width: 1200px) 100vw, 1200px\" \/>\t\t\t\t\t\t\t\t\t\t\t\t\t\t\t<\/div>\n\t\t\t\t<\/div>\n\t\t\t\t<div class=\"elementor-element elementor-element-50d570b8 elementor-align-center elementor-widget elementor-widget-button\" data-id=\"50d570b8\" data-element_type=\"widget\" data-widget_type=\"button.default\">\n\t\t\t\t<div class=\"elementor-widget-container\">\n\t\t\t\t\t\t\t\t\t<div class=\"elementor-button-wrapper\">\n\t\t\t\t\t<a class=\"elementor-button elementor-button-link elementor-size-sm\" href=\"https:\/\/szes.snstudio.cz\/agropodnikani\/\">\n\t\t\t\t\t\t<span class=\"elementor-button-content-wrapper\">\n\t\t\t\t\t\t\t\t\t<span class=\"elementor-button-text\">V\u00edce informac\u00ed<\/span>\n\t\t\t\t\t<\/span>\n\t\t\t\t\t<\/a>\n\t\t\t\t<\/div>\n\t\t\t\t\t\t\t\t<\/div>\n\t\t\t\t<\/div>\n\t\t\t\t\t<\/div>\n\t\t<\/div>\n\t\t\t\t<div class=\"elementor-column elementor-col-50 elementor-inner-column elementor-element elementor-element-1c367d5d\" data-id=\"1c367d5d\" data-element_type=\"column\">\n\t\t\t<div class=\"elementor-widget-wrap elementor-element-populated\">\n\t\t\t\t\t\t<div class=\"elementor-element elementor-element-337c2002 elementor-widget elementor-widget-heading\" data-id=\"337c2002\" data-element_type=\"widget\" data-widget_type=\"heading.default\">\n\t\t\t\t<div class=\"elementor-widget-container\">\n\t\t\t\t\t<h2 class=\"elementor-heading-title elementor-size-default\">Ekologie a \u017eivotn\u00ed prost\u0159ed\u00ed<\/h2>\t\t\t\t<\/div>\n\t\t\t\t<\/div>\n\t\t\t\t<div class=\"elementor-element elementor-element-7741f90b elementor-widget elementor-widget-text-editor\" data-id=\"7741f90b\" data-element_type=\"widget\" data-widget_type=\"text-editor.default\">\n\t\t\t\t<div class=\"elementor-widget-container\">\n\t\t\t\t\t\t\t\t\t<p>Nosn\u00fdmi p\u0159edm\u011bty v prvn\u00edm a ve druh\u00e9m ro\u010dn\u00edku jsou biologie a chemie. Teoretick\u00e1 v\u00fduka t\u011bchto p\u0159edm\u011bt\u016f je dopln\u011bn\u00e1 \u0159adou praktick\u00fdch cvi\u010den\u00ed v modern\u011b vybaven\u00fdch laborato\u0159\u00edch biologie a chemie. Do prvn\u00edho ro\u010dn\u00edku je tak\u00e9 za\u0159azen\u00fd odborn\u00fd p\u0159edm\u011bt ekologie, na kter\u00fd navazuj\u00ed odborn\u00e9 p\u0159edm\u011bty ve vy\u0161\u0161\u00edch ro\u010dn\u00edc\u00edch.<\/p>\t\t\t\t\t\t\t\t<\/div>\n\t\t\t\t<\/div>\n\t\t\t\t<div class=\"elementor-element elementor-element-76a95c96 elementor-widget elementor-widget-image\" data-id=\"76a95c96\" data-element_type=\"widget\" data-widget_type=\"image.default\">\n\t\t\t\t<div class=\"elementor-widget-container\">\n\t\t\t\t\t\t\t\t\t\t\t\t\t\t\t<img decoding=\"async\" width=\"768\" height=\"384\" src=\"https:\/\/www.szespisek.cz\/wp-content\/uploads\/2021\/09\/ekol-768x384.png\" class=\"attachment-medium_large size-medium_large wp-image-18\" alt=\"\" srcset=\"https:\/\/www.szespisek.cz\/wp-content\/uploads\/2021\/09\/ekol-768x384.png 768w, https:\/\/www.szespisek.cz\/wp-content\/uploads\/2021\/09\/ekol-300x150.png 300w, https:\/\/www.szespisek.cz\/wp-content\/uploads\/2021\/09\/ekol-1024x512.png 1024w, https:\/\/www.szespisek.cz\/wp-content\/uploads\/2021\/09\/ekol.png 1200w\" sizes=\"(max-width: 768px) 100vw, 768px\" \/>\t\t\t\t\t\t\t\t\t\t\t\t\t\t\t<\/div>\n\t\t\t\t<\/div>\n\t\t\t\t<div class=\"elementor-element elementor-element-56f313c5 elementor-align-center elementor-widget elementor-widget-button\" data-id=\"56f313c5\" data-element_type=\"widget\" data-widget_type=\"button.default\">\n\t\t\t\t<div class=\"elementor-widget-container\">\n\t\t\t\t\t\t\t\t\t<div class=\"elementor-button-wrapper\">\n\t\t\t\t\t<a class=\"elementor-button elementor-button-link elementor-size-sm\" href=\"https:\/\/szes.snstudio.cz\/ekologie-a-zivotni-prostredi\/\">\n\t\t\t\t\t\t<span class=\"elementor-button-content-wrapper\">\n\t\t\t\t\t\t\t\t\t<span class=\"elementor-button-text\">V\u00edce informac\u00ed<\/span>\n\t\t\t\t\t<\/span>\n\t\t\t\t\t<\/a>\n\t\t\t\t<\/div>\n\t\t\t\t\t\t\t\t<\/div>\n\t\t\t\t<\/div>\n\t\t\t\t\t<\/div>\n\t\t<\/div>\n\t\t\t\t\t<\/div>\n\t\t<\/section>\n\t\t\t\t\t<\/div>\n\t\t<\/div>\n\t\t\t\t\t<\/div>\n\t\t<\/section>\n\t\t\t\t<section class=\"elementor-section elementor-top-section elementor-element elementor-element-5b23b454 elementor-section-boxed elementor-section-height-default elementor-section-height-default\" data-id=\"5b23b454\" data-element_type=\"section\">\n\t\t\t\t\t\t<div class=\"elementor-container elementor-column-gap-default\">\n\t\t\t\t\t<div class=\"elementor-column elementor-col-100 elementor-top-column elementor-element elementor-element-b52b447\" data-id=\"b52b447\" data-element_type=\"column\">\n\t\t\t<div class=\"elementor-widget-wrap elementor-element-populated\">\n\t\t\t\t\t\t<div class=\"elementor-element elementor-element-5bc30f1f elementor-widget elementor-widget-heading\" data-id=\"5bc30f1f\" data-element_type=\"widget\" data-widget_type=\"heading.default\">\n\t\t\t\t<div class=\"elementor-widget-container\">\n\t\t\t\t\t<h1 class=\"elementor-heading-title elementor-size-default\">Zde n\u00e1s najdete<\/h1>\t\t\t\t<\/div>\n\t\t\t\t<\/div>\n\t\t\t\t<div class=\"elementor-element elementor-element-56205da1 elementor-widget elementor-widget-google_maps\" data-id=\"56205da1\" data-element_type=\"widget\" data-widget_type=\"google_maps.default\">\n\t\t\t\t<div class=\"elementor-widget-container\">\n\t\t\t\t\t\t\t<div class=\"elementor-custom-embed\">\n\t\t\t<iframe loading=\"lazy\"\n\t\t\t\t\tsrc=\"https:\/\/maps.google.com\/maps?q=%C4%8Celakovsk%C3%A9ho%20200%2C%20p%C3%ADsek&#038;t=m&#038;z=15&#038;output=embed&#038;iwloc=near\"\n\t\t\t\t\ttitle=\"\u010celakovsk\u00e9ho 200, p\u00edsek\"\n\t\t\t\t\taria-label=\"\u010celakovsk\u00e9ho 200, p\u00edsek\"\n\t\t\t><\/iframe>\n\t\t<\/div>\n\t\t\t\t\t\t<\/div>\n\t\t\t\t<\/div>\n\t\t\t\t\t<\/div>\n\t\t<\/div>\n\t\t\t\t\t<\/div>\n\t\t<\/section>\n\t\t\t\t<\/div>\n\t\t","protected":false},"excerpt":{"rendered":"<p>St\u0159edn\u00ed zem\u011bd\u011blsk\u00e1 \u0161kola Aktuality Jak to u n\u00e1s vypad\u00e1? Studijn\u00ed obory Agropodnik\u00e1n\u00ed Na po\u010d\u00e1tku studia oboru je nosn\u00fdm p\u0159edm\u011btem biologie. Krom\u011b v\u00fduky teorie prob\u00edh\u00e1 i \u0159ada praktick\u00fdch cvi\u010den\u00ed s vyu\u017eit\u00edm mikroskop\u016f v modern\u011b vybaven\u00e9 laborato\u0159i biologie. Nem\u00e9n\u011b v\u00fdznamn\u00fdm p\u0159edm\u011btem je chemie. Tak\u00e9 zde je teoretick\u00e1 v\u00fduka dopln\u011bn\u00e1 \u0159adou praktick\u00fdch cvi\u010den\u00ed v modern\u011b vybaven\u00e9 laborato\u0159i chemie. [&hellip;]<\/p>\n","protected":false},"author":1,"featured_media":0,"parent":0,"menu_order":0,"comment_status":"closed","ping_status":"closed","template":"","meta":{"site-sidebar-layout":"no-sidebar","site-content-layout":"page-builder","ast-site-content-layout":"default","site-content-style":"default","site-sidebar-style":"default","ast-global-header-display":"","ast-banner-title-visibility":"","ast-main-header-display":"disabled","ast-hfb-above-header-display":"","ast-hfb-below-header-display":"","ast-hfb-mobile-header-display":"disabled","site-post-title":"disabled","ast-breadcrumbs-content":"disabled","ast-featured-img":"disabled","footer-sml-layout":"disabled","ast-disable-related-posts":"","theme-transparent-header-meta":"disabled","adv-header-id-meta":"","stick-header-meta":"","header-above-stick-meta":"","header-main-stick-meta":"","header-below-stick-meta":"","astra-migrate-meta-layouts":"default","ast-page-background-enabled":"default","ast-page-background-meta":{"desktop":{"background-color":"var(--ast-global-color-4)","background-image":"","background-repeat":"repeat","background-position":"center center","background-size":"auto","background-attachment":"scroll","background-type":"","background-media":"","overlay-type":"","overlay-color":"","overlay-opacity":"","overlay-gradient":""},"tablet":{"background-color":"","background-image":"","background-repeat":"repeat","background-position":"center center","background-size":"auto","background-attachment":"scroll","background-type":"","background-media":"","overlay-type":"","overlay-color":"","overlay-opacity":"","overlay-gradient":""},"mobile":{"background-color":"","background-image":"","background-repeat":"repeat","background-position":"center center","background-size":"auto","background-attachment":"scroll","background-type":"","background-media":"","overlay-type":"","overlay-color":"","overlay-opacity":"","overlay-gradient":""}},"ast-content-background-meta":{"desktop":{"background-color":"var(--ast-global-color-5)","background-image":"","background-repeat":"repeat","background-position":"center center","background-size":"auto","background-attachment":"scroll","background-type":"","background-media":"","overlay-type":"","overlay-color":"","overlay-opacity":"","overlay-gradient":""},"tablet":{"background-color":"var(--ast-global-color-5)","background-image":"","background-repeat":"repeat","background-position":"center center","background-size":"auto","background-attachment":"scroll","background-type":"","background-media":"","overlay-type":"","overlay-color":"","overlay-opacity":"","overlay-gradient":""},"mobile":{"background-color":"var(--ast-global-color-5)","background-image":"","background-repeat":"repeat","background-position":"center center","background-size":"auto","background-attachment":"scroll","background-type":"","background-media":"","overlay-type":"","overlay-color":"","overlay-opacity":"","overlay-gradient":""}},"footnotes":""},"class_list":["post-9","page","type-page","status-publish","hentry"],"_links":{"self":[{"href":"https:\/\/www.szespisek.cz\/index.php\/wp-json\/wp\/v2\/pages\/9","targetHints":{"allow":["GET"]}}],"collection":[{"href":"https:\/\/www.szespisek.cz\/index.php\/wp-json\/wp\/v2\/pages"}],"about":[{"href":"https:\/\/www.szespisek.cz\/index.php\/wp-json\/wp\/v2\/types\/page"}],"author":[{"embeddable":true,"href":"https:\/\/www.szespisek.cz\/index.php\/wp-json\/wp\/v2\/users\/1"}],"replies":[{"embeddable":true,"href":"https:\/\/www.szespisek.cz\/index.php\/wp-json\/wp\/v2\/comments?post=9"}],"version-history":[{"count":16,"href":"https:\/\/www.szespisek.cz\/index.php\/wp-json\/wp\/v2\/pages\/9\/revisions"}],"predecessor-version":[{"id":1757,"href":"https:\/\/www.szespisek.cz\/index.php\/wp-json\/wp\/v2\/pages\/9\/revisions\/1757"}],"wp:attachment":[{"href":"https:\/\/www.szespisek.cz\/index.php\/wp-json\/wp\/v2\/media?parent=9"}],"curies":[{"name":"wp","href":"https:\/\/api.w.org\/{rel}","templated":true}]}}